
{"id":2010,"date":"2016-10-19T13:41:03","date_gmt":"2016-10-19T13:41:03","guid":{"rendered":"http:\/\/industrial.bold-themes.com\/main-demo\/?page_id=2010"},"modified":"2025-07-14T12:21:23","modified_gmt":"2025-07-14T15:21:23","slug":"home","status":"publish","type":"page","link":"https:\/\/labi.lat\/es\/","title":{"rendered":"Inicio"},"content":{"rendered":"<section id=\"hero\"  class=\"boldSection topSpaced bottomSemiSpaced btAccentColorBackground gutter boxed inherit wBackground cover wBackground cover btDarkSkin\" style=\"background-color:rgb(0,0,0)  !important;background-image:url('https:\/\/labi.lat\/wp-content\/uploads\/2023\/05\/Home-background.png');background-size: cover;\"><div class=\"port\"><div class=\"boldCell\"><div class=\"boldCellInner\"><div class=\"boldRow \" ><div class=\"boldRowInner\"><div class=\"rowItem col-md-8 col-ms-12 btTextLeft inherit\"  data-width=\"8\"><div class=\"rowItemContent\" ><div class=\"btText\" ><div id=\"heroH1\">\n<h1 style=\"top: 0px!important;\">Bienvenidos a<\/h1>\n<p>Latin America<br \/>\nBioimaging<\/p>\n<\/div>\n<\/div><div class=\"btText\" >Latin America Bioimaging es una red de cient\u00edficos de la imagen interesados en mejorar la formaci\u00f3n, la educaci\u00f3n\r\ny el acceso a las tecnolog\u00edas de imagen en toda la regi\u00f3n de Am\u00e9rica Latina y el Caribe.<\/div><div class=\"btClear btSeparator topSemiSpaced noBorder\" ><hr><\/div><\/div><\/div><div class=\"rowItem col-md-4 col-ms-12 btTextLeft inherit\"  data-width=\"4\"><div class=\"rowItemContent\" ><\/div><\/div><\/div><\/div><\/div><\/div><\/div><\/section><section id=\"bt_section69e8bf426d248\"  class=\"boldSection gutter boxed inherit\" style=\"background-color:rgb(255,249,240)  !important;\"><div class=\"port\"><div class=\"boldCell\"><div class=\"boldCellInner\"><div class=\"boldRow \" ><div class=\"boldRowInner\"><div class=\"rowItem col-md-9 col-ms-12  btTextLeft animate animate-fadein inherit\"  data-width=\"9\"><div class=\"rowItemContent\" ><div class=\"btClear btSeparator topSemiSpaced noBorder\" ><hr><\/div><div class=\"btClear btSeparator topSemiSpaced noBorder\" ><hr><\/div><\/div><\/div><div class=\"rowItem col-md-3 col-sm-6 col-ms-12 btTextLeft\"  data-width=\"3\"><div class=\"rowItemContent\" ><\/div><\/div><\/div><\/div><div class=\"boldRow \" ><div class=\"boldRowInner\"><div class=\"rowItem col-md-4 col-ms-12 btTextLeft\"  data-width=\"4\"><div class=\"rowItemContent\" ><\/div><\/div><div class=\"rowItem col-md-4 col-ms-12 btTextCenter animate animate-fadein inherit\"  data-width=\"4\"><div class=\"rowItemContent\" ><div class=\"btText\" ><h2 class=\"tit-1\">NOTICIAS<\/h2>\n<\/div><div class=\"btClear btSeparator topSmallSpaced noBorder\" ><hr><\/div><\/div><\/div><div class=\"rowItem col-md-4 col-ms-12 btTextLeft\"  data-width=\"4\"><div class=\"rowItemContent\" ><\/div><\/div><\/div><\/div><div class=\"boldRow \" ><div class=\"boldRowInner\"><div class=\"rowItem col-md-12 col-ms-12  btTextLeft\"  data-width=\"12\"><div class=\"rowItemContent\" ><div class=\"btClear btSeparator topSmallSpaced bottomSmallSpaced noBorder\" ><hr><\/div><div class=\"btLatestPostsContainer horizontalPosts cyg--blog\" >\n\t\t\t\t<div class=\"btSingleLatestPost col-md-3 col-ms-12  inherit\"><div class=\"btSingleLatestPostImage btTextCenter\"><div class=\"bpgPhoto cyg--blog btZoomInHoverType\" > \r\n\t\t\t\t\t<a href=\"https:\/\/labi.lat\/es\/2026\/03\/20\/cfmo-may-2026\/\" target=\"_self\" title=\"\"><\/a>\r\n\t\t\t\t\t<div class=\"boldPhotoBox\"><div class=\"bpbItem\"><div class = \"btImage\"><img src=\"https:\/\/labi.lat\/wp-content\/uploads\/2026\/03\/CFMO-Mont-2026-Redes-banner-form-web-2-640x480.png\" alt=\"\" title=\"\"><\/div><\/div><\/div>\r\n\t\t\t\t\t<div class=\"captionPane btDarkSkin btTextCenter\">\r\n\t\t\t\t\t\t<div class=\"captionTable\">\r\n\t\t\t\t\t\t\t<div class=\"captionCell\">\r\n\t\t\t\t\t\t\t\t<div class=\"captionTxt\"><\/div>\r\n\t\t\t\t\t\t\t<\/div>\r\n\t\t\t\t\t\t<\/div>\r\n\t\t\t\t\t<\/div><\/div><\/div><div class = \"btSingleLatestPostContent\">\n\t\t\t\t\t\t<header class=\"header btClear small\" ><div class=\"dash\"><h4><span class=\"headline\"><a href=\"https:\/\/labi.lat\/es\/2026\/03\/20\/cfmo-may-2026\/\" target=\"_self\">CFMO mayo 2026<\/a><\/span><\/h4><\/div><\/header>\n\t\t\t\t<p class=\"btLatestPostContent\">Nueva edici\u00f3n del Curso de Fundamentos en Microscop\u00eda \u00d3ptica (CFMO) \u2014 mayo 2026 | Fundamentals of Optical Microscopy for Life Sciences El Curso de Fundamentos en Microscop\u00eda \u00d3ptica (CFMO) llega con una nueva edici\u00f3n que se desarrollar\u00e1 del 11 al 15 de mayo de 2025, con sede principal en el Institut Pasteur de Montevideo (IPMONT). [&hellip;]<\/p>\n\t\t\t\t\t<\/div>\n\t\t\t\t<\/div>\n\t\t\t\t<div class=\"btSingleLatestPost col-md-3 col-ms-12  inherit\"><div class=\"btSingleLatestPostImage btTextCenter\"><div class=\"bpgPhoto cyg--blog btZoomInHoverType\" > \r\n\t\t\t\t\t<a href=\"https:\/\/labi.lat\/es\/2026\/02\/03\/labi-meeting-2025-report\/\" target=\"_self\" title=\"\"><\/a>\r\n\t\t\t\t\t<div class=\"boldPhotoBox\"><div class=\"bpbItem\"><div class = \"btImage\"><img src=\"https:\/\/labi.lat\/wp-content\/uploads\/2026\/02\/LABI-Meeting-2025-reportweb-640x480.png\" alt=\"\" title=\"\"><\/div><\/div><\/div>\r\n\t\t\t\t\t<div class=\"captionPane btDarkSkin btTextCenter\">\r\n\t\t\t\t\t\t<div class=\"captionTable\">\r\n\t\t\t\t\t\t\t<div class=\"captionCell\">\r\n\t\t\t\t\t\t\t\t<div class=\"captionTxt\"><\/div>\r\n\t\t\t\t\t\t\t<\/div>\r\n\t\t\t\t\t\t<\/div>\r\n\t\t\t\t\t<\/div><\/div><\/div><div class = \"btSingleLatestPostContent\">\n\t\t\t\t\t\t<header class=\"header btClear small\" ><div class=\"dash\"><h4><span class=\"headline\"><a href=\"https:\/\/labi.lat\/es\/2026\/02\/03\/labi-meeting-2025-report\/\" target=\"_self\">LABI Meeting 2025 Report<\/a><\/span><\/h4><\/div><\/header>\n\t\t\t\t<p class=\"btLatestPostContent\">Nos entusiasma compartir el Reporte LABI Meeting 2025, que captura los momentos clave, destacados, resultados y pr\u00f3ximos pasos de nuestro tiempo juntos. Esperamos que este documento sirva tanto como registro de nuestros logros como hoja de ruta para la colaboraci\u00f3n continua. &nbsp; Un Encuentro para Recordar Durante tres d\u00edas incre\u00edbles, 130 participantes de 19 pa\u00edses [&hellip;]<\/p>\n\t\t\t\t\t<\/div>\n\t\t\t\t<\/div>\n\t\t\t\t<div class=\"btSingleLatestPost col-md-3 col-ms-12  inherit\"><div class=\"btSingleLatestPostImage btTextCenter\"><div class=\"bpgPhoto cyg--blog btZoomInHoverType\" > \r\n\t\t\t\t\t<a href=\"https:\/\/labi.lat\/es\/2025\/11\/21\/on-demand-microscopy-in-practice-behind-the-scenes-experiences-in-bioimaging\/\" target=\"_self\" title=\"\"><\/a>\r\n\t\t\t\t\t<div class=\"boldPhotoBox\"><div class=\"bpbItem\"><div class = \"btImage\"><img src=\"https:\/\/labi.lat\/wp-content\/uploads\/2025\/11\/LABI-IdEM-BannerWeb-27-11-04-12-2025-ESP-640x480.png\" alt=\"\" title=\"\"><\/div><\/div><\/div>\r\n\t\t\t\t\t<div class=\"captionPane btDarkSkin btTextCenter\">\r\n\t\t\t\t\t\t<div class=\"captionTable\">\r\n\t\t\t\t\t\t\t<div class=\"captionCell\">\r\n\t\t\t\t\t\t\t\t<div class=\"captionTxt\"><\/div>\r\n\t\t\t\t\t\t\t<\/div>\r\n\t\t\t\t\t\t<\/div>\r\n\t\t\t\t\t<\/div><\/div><\/div><div class = \"btSingleLatestPostContent\">\n\t\t\t\t\t\t<header class=\"header btClear small\" ><div class=\"dash\"><h4><span class=\"headline\"><a href=\"https:\/\/labi.lat\/es\/2025\/11\/21\/on-demand-microscopy-in-practice-behind-the-scenes-experiences-in-bioimaging\/\" target=\"_self\">On Demand | Microscop\u00eda en pr\u00e1ctica | Experiencias detr\u00e1s de escena en Bioimaging<\/a><\/span><\/h4><\/div><\/header>\n\t\t\t\t<p class=\"btLatestPostContent\">On Demand | Microscop\u00eda en pr\u00e1ctica | Experiencias detr\u00e1s de escena en Bioimaging Cerramos el a\u00f1o con dos sesiones especiales On-Demand de IdEM, desarrolladas en respuesta al fuerte inter\u00e9s y las necesidades expresadas por nuestra comunidad regional. Estos \u00faltimos encuentros profundizan en el lado pr\u00e1ctico del bioimaging, enfoc\u00e1ndose en desaf\u00edos reales que enfrentamos cotidianamente en [&hellip;]<\/p>\n\t\t\t\t\t<\/div>\n\t\t\t\t<\/div>\n\t\t\t\t<div class=\"btSingleLatestPost col-md-3 col-ms-12  inherit\"><div class=\"btSingleLatestPostImage btTextCenter\"><div class=\"bpgPhoto cyg--blog btZoomInHoverType\" > \r\n\t\t\t\t\t<a href=\"https:\/\/labi.lat\/es\/2025\/11\/20\/labi-meeting-2025-three-days-strengthening-latin-americas-bioimaging-community\/\" target=\"_self\" title=\"\"><\/a>\r\n\t\t\t\t\t<div class=\"boldPhotoBox\"><div class=\"bpbItem\"><div class = \"btImage\"><img src=\"https:\/\/labi.lat\/wp-content\/uploads\/2025\/11\/1763056920003-640x480.jpeg\" alt=\"\" title=\"\"><\/div><\/div><\/div>\r\n\t\t\t\t\t<div class=\"captionPane btDarkSkin btTextCenter\">\r\n\t\t\t\t\t\t<div class=\"captionTable\">\r\n\t\t\t\t\t\t\t<div class=\"captionCell\">\r\n\t\t\t\t\t\t\t\t<div class=\"captionTxt\"><\/div>\r\n\t\t\t\t\t\t\t<\/div>\r\n\t\t\t\t\t\t<\/div>\r\n\t\t\t\t\t<\/div><\/div><\/div><div class = \"btSingleLatestPostContent\">\n\t\t\t\t\t\t<header class=\"header btClear small\" ><div class=\"dash\"><h4><span class=\"headline\"><a href=\"https:\/\/labi.lat\/es\/2025\/11\/20\/labi-meeting-2025-three-days-strengthening-latin-americas-bioimaging-community\/\" target=\"_self\">LABI Meeting 2025: Tres d\u00edas fortaleciendo la comunidad de bioimagen en Am\u00e9rica Latina<\/a><\/span><\/h4><\/div><\/header>\n\t\t\t\t<p class=\"btLatestPostContent\">LABI Meeting 2025 reuni\u00f3 a investigadores, instituciones y socios de toda Latinoam\u00e9rica durante tres d\u00edas de intercambio, colaboraci\u00f3n y prop\u00f3sito com\u00fan en Buenos Aires. El encuentro de este a\u00f1o demostr\u00f3 c\u00f3mo la conexi\u00f3n entre tecnolog\u00eda, personas e ideas puede acelerar el progreso cient\u00edfico en toda la regi\u00f3n. D\u00eda 1: Tecnolog\u00eda en Acci\u00f3n El encuentro se [&hellip;]<\/p>\n\t\t\t\t\t<\/div>\n\t\t\t\t<\/div><\/div><div class=\"btClear btSeparator topSemiSpaced noBorder\" ><hr><\/div><\/div><\/div><\/div><\/div><\/div><\/div><\/div><\/section><section id=\"bt_section69e8bf4270b9b\"  class=\"boldSection topSpaced bottomSemiSpaced btDarkSkin gutter boxed inherit wBackground cover wBackground cover\" style=\"background-image:url('https:\/\/labi.lat\/wp-content\/uploads\/2023\/05\/banner-background_Resources.png');\"><div class=\"port\"><div class=\"boldCell\"><div class=\"boldCellInner\"><div class=\"boldRow cyg--bg-fix\" ><div class=\"boldRowInner\"><div class=\"rowItem col-md-6 col-sm-12 btTextLeft animate animate-fadein inherit\"  data-width=\"6\"><div class=\"rowItemContent\" ><div class=\"btText\" ><p><a class=\"cyg--mas\" href=\"https:\/\/labi.lat\/activities\/resources\/\">Leer m\u00e1s<\/a><\/p>\n<h2 class=\"tit-2\">RECURSOS<\/h2>\n<\/div><div class=\"btClear btSeparator topSmallSpaced noBorder\" ><hr><\/div><div class=\"btText\" ><\/div><\/div><\/div><div class=\"rowItem col-md-6 col-sm-12 btTextLeft animate animate-fadein inherit\"  data-width=\"6\"><div class=\"rowItemContent\" ><\/div><\/div><\/div><\/div><\/div><\/div><\/div><\/section><section id=\"bt_section69e8bf4270d8a\"  class=\"boldSection gutter boxed inherit\" style=\"background-color:rgb(255,249,240)  !important;\"><div class=\"port\"><div class=\"boldCell\"><div class=\"boldCellInner\"><div class=\"boldRow \" ><div class=\"boldRowInner\"><div class=\"rowItem col-md-12 col-ms-12  btTextLeft\"  data-width=\"12\"><div class=\"rowItemContent\" ><div class=\"btClear btSeparator topSpaced noBorder\" ><hr><\/div><\/div><\/div><\/div><\/div><div class=\"boldRow sec--community\" ><div class=\"boldRowInner\"><div class=\"rowItem col-md-6 col-sm-12 btTextLeft\"  data-width=\"6\"><div class=\"rowItemContent\" ><div class=\"btText\" ><h3>SE PARTE DE NUESTRA COMUNIDAD<\/h3>\n<\/div><div class=\"btClear btSeparator bottomSpaced noBorder\" ><hr><\/div><div class=\"btText\" ><p><a class=\"btn-custom\" href=\"https:\/\/docs.google.com\/forms\/d\/1M-7q8HPv0RCSlwp6_c_I8clNMpysbNaQc08XVVxygDk\/edit\" target=\"_blank\" rel=\"noopener\">Suscribete<\/a><\/p>\n<\/div><div class=\"btClear btSeparator topSmallSpaced bottomSpaced noBorder\" ><hr><\/div><\/div><\/div><div class=\"rowItem col-md-6 col-sm-12 btTextLeft\"  data-width=\"6\"><div class=\"rowItemContent\" ><div class=\"bpgPhoto btDefaultHoverType\" ><div class = \"btImage\"><img src=\"https:\/\/labi.lat\/wp-content\/uploads\/2024\/09\/LABI-Meeting-2024-scaled.jpeg\" alt=\"\" title=\"\"><\/div><\/div><\/div><\/div><\/div><\/div><div class=\"boldRow \" ><div class=\"boldRowInner\"><div class=\"rowItem col-md-12 col-ms-12  btTextLeft\"  data-width=\"12\"><div class=\"rowItemContent\" ><div class=\"btClear btSeparator topSemiSpaced bottomSemiSpaced border\"  style=\"border-top: solid 6px #FDB933!important;\"><hr><\/div><\/div><\/div><\/div><\/div><\/div><\/div><\/div><\/section><section id=\"bt_section69e8bf427128f\"  class=\"boldSection topSmallSpaced gutter boxed inherit\" style=\"background-color:rgb(255,249,240)  !important;\"><div class=\"port\"><div class=\"boldCell\"><div class=\"boldCellInner\"><div class=\"boldRow sec--news\" ><div class=\"boldRowInner\"><div class=\"rowItem col-md-6 col-sm-12 btTextLeft\"  data-width=\"6\"><div class=\"rowItemContent\" ><div class=\"bpgPhoto btDefaultHoverType\" ><div class = \"btImage\"><img src=\"https:\/\/labi.lat\/wp-content\/uploads\/2023\/05\/join-news.png\" alt=\"JOIN OUR NEWSLETTER\" title=\"\"><\/div><\/div><div class=\"btClear btSeparator noBorder\" ><hr><\/div><\/div><\/div><div class=\"rowItem col-md-6 col-sm-12 btTextRight inherit changeTop\"  data-width=\"6\"><div class=\"rowItemContent\" ><div class=\"btText\" ><h3>BOLET\u00cdN DE NOTICIAS<\/h3>\n<\/div><div class=\"btClear btSeparator bottomSpaced noBorder\" ><hr><\/div><div class=\"btText\" ><p><a class=\"btn-custom\" href=\"https:\/\/latambioimaging.us1.list-manage.com\/subscribe?u=72248539ecb0f309b89af59dc&amp;id=18d7efa1f9\" target=\"_blank\" rel=\"noopener\">Suscribete<\/a><\/p>\n<\/div><div class=\"btClear btSeparator topSmallSpaced bottomSpaced noBorder\" ><hr><\/div><\/div><\/div><\/div><\/div><div class=\"boldRow \" ><div class=\"boldRowInner\"><div class=\"rowItem col-md-12 col-ms-12  btTextLeft\"  data-width=\"12\"><div class=\"rowItemContent\" ><div class=\"btClear btSeparator topLargeSpaced bottomSpaced border\"  style=\"border-top: solid 6px #FDB933!important;\"><hr><\/div><\/div><\/div><\/div><\/div><\/div><\/div><\/div><\/section><section id=\"bt_section69e8bf4271833\"  class=\"boldSection topSpaced bottomSemiSpaced btDarkSkin gutter boxed inherit wBackground cover wBackground cover\" style=\"background-image:url('https:\/\/labi.lat\/wp-content\/uploads\/2023\/05\/banner-background_core-facilities.png');\"><div class=\"port\"><div class=\"boldCell\"><div class=\"boldCellInner\"><div class=\"boldRow \" ><div class=\"boldRowInner\"><div class=\"rowItem col-md-6 col-sm-12 btTextLeft animate animate-fadein inherit\"  data-width=\"6\"><div class=\"rowItemContent\" ><div class=\"btText\" ><p><a class=\"cyg--mas\" href=\"https:\/\/labi.lat\/core-facilities\/\">Leer m\u00e1s<\/a><\/p>\n<h2 class=\"tit-2\">CENTROS-UNIDADES DE SERVICIOS<\/h2>\n<\/div><div class=\"btClear btSeparator bottomSmallSpaced noBorder\" ><hr><\/div><div class=\"btText\" ><\/div><div class=\"btClear btSeparator topSemiSpaced noBorder\" ><hr><\/div><div class=\"btText\" ><p><a class=\"btn-custom\" href=\"https:\/\/docs.google.com\/forms\/d\/140NZusQFN6cXp6Jamlof0fGSD5oysfLzVu_9lb5KNjs\/viewform?edit_requested=true&amp;fbzx=3492220472087309278\" target=\"_blank\" rel=\"noopener\">Registre su centro<\/a><\/p>\n<\/div><\/div><\/div><div class=\"rowItem col-md-6 col-sm-12 btTextLeft animate animate-fadein inherit\"  data-width=\"6\"><div class=\"rowItemContent\" ><\/div><\/div><\/div><\/div><\/div><\/div><\/div><\/section><section id=\"bt_section69e8bf4271a7a\"  class=\"boldSection gutter boxed inherit\" style=\"background-color:rgb(255,249,240)  !important;\"><div class=\"port\"><div class=\"boldCell\"><div class=\"boldCellInner\"><div class=\"boldRow \" ><div class=\"boldRowInner\"><div class=\"rowItem col-md-6 col-sm-12 btTextCenter btMiddleVertical\"  data-width=\"6\"><div class=\"rowItemContent\" ><div class=\"btClear btSeparator bottomSpaced noBorder\" ><hr><\/div><div class=\"btText\" ><h4 style=\"color: #652c90;\"><span style=\"color: #652c90;\">S\u00edguenos!<\/span><\/h4>\n<h4><span style=\"color: #652c90;\"><a style=\"color: #652c90;\" href=\"https:\/\/twitter.com\/LatamBioimaging\" target=\"_blank\" rel=\"noopener\">Twitter @LatamBioimaging<\/a><\/span><\/h4>\n<h4><span style=\"color: #652c90;\"><a style=\"color: #652c90;\" href=\"https:\/\/bsky.app\/profile\/latambioimaging.bsky.social\"><strong>Bluesky @latambioimaging.bsky.social<\/strong><\/a><\/span><\/h4>\n<h4 style=\"color: #652c90; text-align: left;\"><span style=\"color: #652c90;\"><\/h4>\n<\/div><div class=\"btClear btSeparator bottomSpaced noBorder\" ><hr><\/div><\/div><\/div><div class=\"rowItem col-md-6 col-sm-12 btTextRight inherit\"  data-width=\"6\"><div class=\"rowItemContent\" ><div class=\"btText\" ><p><a class=\"twitter-timeline\" href=\"https:\/\/twitter.com\/LatamBioimaging?ref_src=twsrc%5Etfw\" data-width=\"410\" data-height=\"380\">Tweets by LatamBioimaging<\/a> <script async src=\"https:\/\/platform.twitter.com\/widgets.js\" charset=\"utf-8\"><\/script><\/p>\n<\/div><\/div><\/div><\/div><\/div><\/div><\/div><\/div><\/section>","protected":false},"excerpt":{"rendered":"","protected":false},"author":1,"featured_media":0,"parent":0,"menu_order":0,"comment_status":"closed","ping_status":"closed","template":"","meta":{"footnotes":""},"_links":{"self":[{"href":"https:\/\/labi.lat\/es\/wp-json\/wp\/v2\/pages\/2010"}],"collection":[{"href":"https:\/\/labi.lat\/es\/wp-json\/wp\/v2\/pages"}],"about":[{"href":"https:\/\/labi.lat\/es\/wp-json\/wp\/v2\/types\/page"}],"author":[{"embeddable":true,"href":"https:\/\/labi.lat\/es\/wp-json\/wp\/v2\/users\/1"}],"replies":[{"embeddable":true,"href":"https:\/\/labi.lat\/es\/wp-json\/wp\/v2\/comments?post=2010"}],"version-history":[{"count":236,"href":"https:\/\/labi.lat\/es\/wp-json\/wp\/v2\/pages\/2010\/revisions"}],"predecessor-version":[{"id":5185,"href":"https:\/\/labi.lat\/es\/wp-json\/wp\/v2\/pages\/2010\/revisions\/5185"}],"wp:attachment":[{"href":"https:\/\/labi.lat\/es\/wp-json\/wp\/v2\/media?parent=2010"}],"curies":[{"name":"wp","href":"https:\/\/api.w.org\/{rel}","templated":true}]}}