
{"id":3880,"date":"2023-06-07T15:14:02","date_gmt":"2023-06-07T18:14:02","guid":{"rendered":"https:\/\/labi.lat\/?page_id=3880"},"modified":"2025-03-25T11:49:49","modified_gmt":"2025-03-25T14:49:49","slug":"working-groups","status":"publish","type":"page","link":"https:\/\/labi.lat\/es\/working-groups\/","title":{"rendered":"Grupos de trabajo"},"content":{"rendered":"<section id=\"hero\"  class=\"boldSection topSpaced bottomSpaced btAccentColorBackground gutter boxed inherit wBackground cover wBackground cover btDarkSkin\" style=\"background-color:rgb(0,0,0)  !important;background-image:url('https:\/\/labi.lat\/wp-content\/uploads\/2023\/06\/banner-background_working-groups.png');background-size: cover;\"><div class=\"port\"><div class=\"boldCell\"><div class=\"boldCellInner\"><div class=\"boldRow \" ><div class=\"boldRowInner\"><div class=\"rowItem col-md-8 col-ms-12 btTextLeft inherit\"  data-width=\"8\"><div class=\"rowItemContent\" ><div class=\"btText\" ><div id=\"heroH1\">\n<h1>Grupos de trabajo<\/h1>\n<\/div>\n<\/div><div class=\"btClear btSeparator topSemiSpaced noBorder\" ><hr><\/div><\/div><\/div><div class=\"rowItem col-md-4 col-ms-12 btTextLeft inherit\"  data-width=\"4\"><div class=\"rowItemContent\" ><\/div><\/div><\/div><\/div><\/div><\/div><\/div><\/section><section id=\"bt_section69e7462fce53d\"  class=\"boldSection topSmallSpaced bottomExtraSmallSpaced gutter boxed inherit bigParagraph\" ><div class=\"port\"><div class=\"boldCell\"><div class=\"boldCellInner\"><div class=\"boldRow \" ><div class=\"boldRowInner\"><div class=\"rowItem col-md-8 col-ms-12 btTextLeft\"  data-width=\"8\"><div class=\"rowItemContent\" ><div class=\"btClear btSeparator topSemiSpaced noBorder\" ><hr><\/div><div class=\"btText\" >\r\n\r\nA continuaci\u00f3n encontrar\u00e1 una lista de los grupos de trabajo activos o en etapa de formaci\u00f3n. Cualquier miembro de LABI puede unirse a uno o varios de ellos. Si desea formar parte de un grupo de trabajo, env\u00ede un correo electr\u00f3nico a latambioimaging@gmail.com con sus datos personales e intereses.\r\n\r\n\r\n\r\n\r\n<\/div><div class=\"btClear btSeparator topSemiSpaced noBorder\" ><hr><\/div><\/div><\/div><div class=\"rowItem col-md-4 col-ms-12 btTextLeft\"  data-width=\"4\"><div class=\"rowItemContent\" ><\/div><\/div><\/div><\/div><\/div><\/div><\/div><\/section><section id=\"bt_section69e7462fce65f\"  class=\"boldSection btMiddleVertical cyg--inner\" ><div class=\"port\"><div class=\"boldCell\"><div class=\"boldCellInner\"><div class=\"boldRow \" ><div class=\"boldRowInner\"><div class=\"rowItem col-md-12 col-ms-12  btTextLeft inherit newModuleHeader\" style=\"background-color:rgb(101,44,144);\" data-width=\"12\"><div class=\"rowItemContent\" ><div class=\"bpgPhoto btDefaultHoverType moduleIcon\" ><div class = \"btImage\"><img src=\"\" alt=\"\" title=\"\"><\/div><\/div><div class=\"btText\" >\r\n<h4>Capacitaci\u00f3n y educaci\u00f3n<\/h4>\r\n\r\n\r\n<\/div><\/div><\/div><\/div><\/div><\/div><\/div><\/div><\/section><section id=\"bt_section69e7462fce7b4\"  class=\"boldSection gutter \" ><div class=\"port\"><div class=\"boldCell\"><div class=\"boldCellInner\"><div class=\"boldRow \" ><div class=\"boldRowInner\"><div class=\"rowItem col-md-8 col-ms-12 btTextLeft inherit btDoublePadding customParagraph\"  data-width=\"8\"><div class=\"rowItemContent\" ><div class=\"btText\" >\r\n<h5><strong>Este grupo es responsable de desarrollar y promover actividades de formaci\u00f3n y educaci\u00f3n en bioimaging en la regi\u00f3n latinoamericana.<\/strong><\/h5>\r\n<h5><\/h5>\r\n<h5><strong>Objetivos:<\/strong><\/h5>\r\n<ul>\r\n \t<li>Coordinar actividades de capacitaci\u00f3n y educaci\u00f3n en la regi\u00f3n para ser referencia de redes y sociedades regionales.<\/li>\r\n \t<li>Mejorar las habilidades t\u00e9cnicas y cient\u00edficas de los cient\u00edficos y estudiantes de imagen, creando recursos y programas educativos.<\/li>\r\n \t<li>Facilitar el intercambio de experiencias y conocimientos entre los cient\u00edficos de imagen en Am\u00e9rica Latina.<\/li>\r\n \t<li>Acelerar la aplicaci\u00f3n de tecnolog\u00edas de imagen en la investigaci\u00f3n biom\u00e9dica a trav\u00e9s de formaci\u00f3n especializada e intercambio.<\/li>\r\n<\/ul>\r\n\r\n\r\n<\/div><div class=\"btClear btSeparator bottomSmallSpaced noBorder\" ><hr><\/div><div class=\"btClear btSeparator bottomSmallSpaced noBorder\" ><hr><\/div><\/div><\/div><div class=\"rowItem col-md-4 col-ms-12 btTextLeft\"  data-width=\"4\"><div class=\"rowItemContent\" ><div class=\"btTabs tabsVertical\"><ul class=\"tabsHeader\"><li><span>Latin America Light Microscopy Course 2024<\/span><\/li><li><span>Mapping Bioimaging Training and Education Programs in Latin America<\/span><\/li><\/ul><div class=\"tabPanes accordionPanes\"><div class=\"tabPane\">\n\t\t\t<div class=\"tabAccordionTitle\"><span>Latin America Light Microscopy Course 2024<\/span><\/div>\n\t\t\t<div class=\"tabAccordionContent\"><div class=\"btText\" ><p><a href=\"https:\/\/labi.lat\/es\/2024\/02\/27\/latin-america-light-microscopy-course\/\"> Este curso se ha dise\u00f1ado en formato de \u00abformaci\u00f3n de formadores\u00bb y est\u00e1 dirigido a cient\u00edficos especializados en imagen que tengan previsto impartir cursos sobre temas fundamentales de microscop\u00eda \u00f3ptica para sus propias comunidades de imagen.  <\/a><\/p>\n<\/div><\/div>\n\t\t<\/div><div class=\"tabPane\">\n\t\t\t<div class=\"tabAccordionTitle\"><span>Mapping Bioimaging Training and Education Programs in Latin America<\/span><\/div>\n\t\t\t<div class=\"tabAccordionContent\"><div class=\"btText\" ><p> <a href=\"https:\/\/labi.lat\/es\/2023\/07\/13\/best-engineering-projects-in-2016\/\">Estamos llevando a cabo una encuesta exhaustiva para mapear la diversa oferta de programas de formaci\u00f3n y educaci\u00f3n en bioimagen disponibles en Am\u00e9rica Latina.<\/a><a href=\"https:\/\/labi.lat\/es\/2023\/07\/13\/best-engineering-projects-in-2016\/\">\u00a0 <\/a><\/p>\n<\/div><\/div>\n\t\t<\/div><\/div><\/div><\/div><\/div><\/div><\/div><div class=\"boldRow \" ><div class=\"boldRowInner\"><div class=\"rowItem col-md-12 col-ms-12  btTextLeft\"  data-width=\"12\"><div class=\"rowItemContent\" ><\/div><\/div><\/div><\/div><div class=\"boldRow \" ><div class=\"boldRowInner\"><div class=\"rowItem col-md-8 col-ms-12 btTextLeft inherit btDoublePadding customParagraph\"  data-width=\"8\"><div class=\"rowItemContent\" ><div class=\"btText\" ><p><\/p>\n<h5><strong>Coordinadores<\/strong><\/h5>\n<p><br \/>\n<br \/>\n<br \/>\n<strong>Andr\u00e9s Rossi<\/strong> | <span class=\"OYPEnA font-feature-liga-off font-feature-clig-off font-feature-calt-off text-decoration-none text-strikethrough-none\">Unidad de Microscop\u00eda, Instituto Leloir, Argentina<br \/>\n<\/span><strong>Marcela D\u00edaz<\/strong> | <span class=\"OYPEnA font-feature-liga-off font-feature-clig-off font-feature-calt-off text-decoration-none text-strikethrough-none\">Unidad de Bioimagenolog\u00eda Avanzada, IPMon, Uruguay<\/span><br \/>\n<strong>Victoria Repetto<\/strong> | <span class=\"OYPEnA font-feature-liga-off font-feature-clig-off font-feature-calt-off text-decoration-none text-strikethrough-none\">Centro de Microscop\u00eda Weber, UBA, Argentina<br \/>\n<\/span><span class=\"OYPEnA font-feature-liga-off font-feature-clig-off font-feature-calt-off text-decoration-none text-strikethrough-none\"><strong>Ivan Rey<\/strong> | <\/span><span class=\"OYPEnA font-feature-liga-off font-feature-clig-off font-feature-calt-off text-decoration-none text-strikethrough-none\">MicroCore, Universidad de los Andes, Colomba<\/span><\/p>\n<p><span class=\"OYPEnA font-feature-liga-off font-feature-clig-off font-feature-calt-off text-decoration-none text-strikethrough-none\">\u00a0<\/span><\/p>\n<\/div><div class=\"btClear btSeparator bottomSmallSpaced noBorder\" ><hr><\/div><div class=\"btClear btSeparator bottomSmallSpaced noBorder\" ><hr><\/div><\/div><\/div><div class=\"rowItem col-md-4 col-ms-12 btTextLeft\"  data-width=\"4\"><div class=\"rowItemContent\" ><\/div><\/div><\/div><\/div><\/div><\/div><\/div><\/section><section id=\"bt_section69e7462fceeda\"  class=\"boldSection btMiddleVertical cyg--inner\" ><div class=\"port\"><div class=\"boldCell\"><div class=\"boldCellInner\"><div class=\"boldRow \" ><div class=\"boldRowInner\"><div class=\"rowItem col-md-12 col-ms-12  btTextLeft inherit newModuleHeader\" style=\"background-color:rgb(101,44,144);\" data-width=\"12\"><div class=\"rowItemContent\" ><div class=\"bpgPhoto btDefaultHoverType moduleIcon\" ><div class = \"btImage\"><img src=\"\" alt=\"\" title=\"\"><\/div><\/div><div class=\"btText\" >\r\n<h4>Divulgaci\u00f3n e Integraci\u00f3n<\/h4>\r\n\r\n\r\n<\/div><\/div><\/div><\/div><\/div><\/div><\/div><\/div><\/section><section id=\"bt_section69e7462fcf020\"  class=\"boldSection gutter boxed inherit\" ><div class=\"port\"><div class=\"boldCell\"><div class=\"boldCellInner\"><div class=\"boldRow \" ><div class=\"boldRowInner\"><div class=\"rowItem col-md-8 col-ms-12 btTextLeft inherit btDoublePadding customParagraph\"  data-width=\"8\"><div class=\"rowItemContent\" ><div class=\"btText\" >\r\n<h5><strong>Este grupo es responsable de la ciencia abierta, llegar a diferentes poblaciones de Am\u00e9rica Latina es vital para comunicar la ciencia e inspirar a la pr\u00f3xima generaci\u00f3n de profesionales de la ciencia.<\/strong><\/h5>\r\n&nbsp;\r\n<h5><strong>Objetivos:<\/strong><\/h5>\r\n<ul>\r\n \t<li>Divulgaci\u00f3n para una Ciencia Abierta: Involucrar a las comunidades para inspirar a la pr\u00f3xima generaci\u00f3n de cient\u00edficos<\/li>\r\n \t<li>Difusi\u00f3n global: Mostrar la ciencia latinoamericana a una audiencia global<\/li>\r\n \t<li>Integraci\u00f3n para la Innovaci\u00f3n: Conectar latinoamericanos \u00aben casa\u00bb y en el extranjero para abordar los desafios en la accesibilidad a microscop\u00eda<\/li>\r\n<\/ul>\r\n\r\n\r\n<\/li>\r\n<\/ul>\r\n<\/div><div class=\"btClear btSeparator bottomSmallSpaced noBorder\" ><hr><\/div><div class=\"btClear btSeparator bottomSmallSpaced noBorder\" ><hr><\/div><div class=\"btText\" ><p><\/p>\n<h5><strong>Coordinadores<\/strong><\/h5>\n<p><br \/>\n<br \/>\n<br \/>\n<strong>Mariana De Niz<\/strong> | <span class=\"OYPEnA font-feature-liga-off font-feature-clig-off font-feature-calt-off text-decoration-none text-strikethrough-none\">Nikon Imaging Center, Northwestern University<\/span><br \/>\n<strong>Hernan Grecco<\/strong> | <span class=\"OYPEnA font-feature-liga-off font-feature-clig-off font-feature-calt-off text-decoration-none text-strikethrough-none\">Departamento de F\u00edsica, UBA, Argentina<\/span><br \/>\n<strong>Licyel Lenny<\/strong> | <span class=\"OYPEnA font-feature-liga-off font-feature-clig-off font-feature-calt-off text-decoration-none text-strikethrough-none\">Cambridge University, <\/span><span class=\"OYPEnA font-feature-liga-off font-feature-clig-off font-feature-calt-off text-decoration-none text-strikethrough-none\">UK<br \/>\n<\/span><span class=\"OYPEnA font-feature-liga-off font-feature-clig-off font-feature-calt-off text-decoration-none text-strikethrough-none\"><strong>Haydee Hernandez<\/strong> | Laboratorio Nacional de Microscop\u00eda Avanzada, UNAM, M\u00e9xico<\/span><\/p>\n<\/div><div class=\"btClear btSeparator bottomSmallSpaced noBorder\" ><hr><\/div><div class=\"btClear btSeparator bottomSmallSpaced noBorder\" ><hr><\/div><\/div><\/div><div class=\"rowItem col-md-4 col-ms-12 btTextLeft\"  data-width=\"4\"><div class=\"rowItemContent\" ><\/div><\/div><\/div><\/div><\/div><\/div><\/div><\/section><section id=\"bt_section69e7462fcf3e6\"  class=\"boldSection btMiddleVertical cyg--inner\" ><div class=\"port\"><div class=\"boldCell\"><div class=\"boldCellInner\"><div class=\"boldRow \" ><div class=\"boldRowInner\"><div class=\"rowItem col-md-12 col-ms-12  btTextLeft inherit newModuleHeader\" style=\"background-color:rgb(101,44,144);\" data-width=\"12\"><div class=\"rowItemContent\" ><div class=\"bpgPhoto btDefaultHoverType moduleIcon\" ><div class = \"btImage\"><img src=\"\" alt=\"\" title=\"\"><\/div><\/div><div class=\"btText\" >\r\n<h4>Ciencia de datos para bioim\u00e1genes<\/h4>\r\n\r\n\r\n<\/div><\/div><\/div><\/div><\/div><\/div><\/div><\/div><\/section><section id=\"bt_section69e7462fcf513\"  class=\"boldSection gutter \" ><div class=\"port\"><div class=\"boldCell\"><div class=\"boldCellInner\"><div class=\"boldRow \" ><div class=\"boldRowInner\"><div class=\"rowItem col-md-8 col-ms-12 btTextLeft inherit btDoublePadding customParagraph\"  data-width=\"8\"><div class=\"rowItemContent\" ><div class=\"btText\" >\r\n<h5><strong>Este grupo se dedica a fomentar el desarrollo y la aplicaci\u00f3n de la ciencia de datos de im\u00e1genes en Am\u00e9rica Latina, abordando desaf\u00edos relacionados con la capacitaci\u00f3n, la infraestructura, la computaci\u00f3n y el financiamiento, al tiempo que empodera a los investigadores con las herramientas y el conocimiento.<\/strong><\/h5>\r\n<h5><\/h5>\r\n<h5><strong>Objetivos<\/strong><\/h5>\r\n<ul>\r\n \t<li>Desarrollar programas regionales de capacitaci\u00f3n en ciencia de datos de im\u00e1genes<\/li>\r\n \t<li>Mejorar el acceso a la infraestructura y los recursos computacionales<\/li>\r\n \t<li>Promover est\u00e1ndares para la gesti\u00f3n, el an\u00e1lisis y la reproducibilidad de datos de im\u00e1genes<\/li>\r\n \t<li>Abogar por la financiaci\u00f3n y la colaboraci\u00f3n<\/li>\r\n<\/ul>\r\n\r\n\r\n<\/div><div class=\"btClear btSeparator bottomSmallSpaced noBorder\" ><hr><\/div><div class=\"btClear btSeparator bottomSmallSpaced noBorder\" ><hr><\/div><\/div><\/div><div class=\"rowItem col-md-4 col-ms-12 btTextLeft\"  data-width=\"4\"><div class=\"rowItemContent\" ><\/div><\/div><\/div><\/div><div class=\"boldRow \" ><div class=\"boldRowInner\"><div class=\"rowItem col-md-12 col-ms-12  btTextLeft\"  data-width=\"12\"><div class=\"rowItemContent\" ><\/div><\/div><\/div><\/div><div class=\"boldRow \" ><div class=\"boldRowInner\"><div class=\"rowItem col-md-8 col-ms-12 btTextLeft inherit btDoublePadding customParagraph\"  data-width=\"8\"><div class=\"rowItemContent\" ><div class=\"btText\" ><p><\/p>\n<h5><strong>Coordinadores<\/strong><\/h5>\n<p><br \/>\n<br \/>\n<br \/>\n<strong><span class=\"OYPEnA font-feature-liga-off font-feature-clig-off font-feature-calt-off text-decoration-none text-strikethrough-none\">Ad\u00e1n Guerrero<\/span><\/strong> | <span class=\"OYPEnA font-feature-liga-off font-feature-clig-off font-feature-calt-off text-decoration-none text-strikethrough-none\">LNMA, M\u00e9xico<\/span><span class=\"OYPEnA font-feature-liga-off font-feature-clig-off font-feature-calt-off text-decoration-none text-strikethrough-none\"><br \/>\n<\/span><strong><span class=\"OYPEnA font-feature-liga-off font-feature-clig-off font-feature-calt-off text-decoration-none text-strikethrough-none\">Federico Lecumberry<\/span><\/strong> | <span class=\"OYPEnA font-feature-liga-off font-feature-clig-off font-feature-calt-off text-decoration-none text-strikethrough-none\">Facultad de Ingenier\u00eda, Udelar, Uruguay<br \/>\n<\/span><span class=\"OYPEnA font-feature-liga-off font-feature-clig-off font-feature-calt-off text-decoration-none text-strikethrough-none\"><strong>Pa\u00fal Hernadez<\/strong> LABI Hub Leader &#8211; The Catalyst Project | <\/span><span class=\"OYPEnA font-feature-liga-off font-feature-clig-off font-feature-calt-off text-decoration-none text-strikethrough-none\">Universidad Aut\u00f3noma de San Luis Potos\u00ed, M\u00e9xico<\/span><\/p>\n<p><span class=\"OYPEnA font-feature-liga-off font-feature-clig-off font-feature-calt-off text-decoration-none text-strikethrough-none\">\u00a0<\/span><\/p>\n<\/div><div class=\"btClear btSeparator bottomSmallSpaced noBorder\" ><hr><\/div><div class=\"btClear btSeparator bottomSmallSpaced noBorder\" ><hr><\/div><\/div><\/div><div class=\"rowItem col-md-4 col-ms-12 btTextLeft\"  data-width=\"4\"><div class=\"rowItemContent\" ><\/div><\/div><\/div><\/div><\/div><\/div><\/div><\/section><section id=\"bt_section69e7462fcf9c2\"  class=\"boldSection btMiddleVertical cyg--inner\" ><div class=\"port\"><div class=\"boldCell\"><div class=\"boldCellInner\"><div class=\"boldRow \" ><div class=\"boldRowInner\"><div class=\"rowItem col-md-12 col-ms-12  btTextLeft inherit newModuleHeader\" style=\"background-color:rgb(101,44,144);\" data-width=\"12\"><div class=\"rowItemContent\" ><div class=\"bpgPhoto btDefaultHoverType moduleIcon\" ><div class = \"btImage\"><img src=\"\" alt=\"\" title=\"\"><\/div><\/div><div class=\"btText\" >\r\n<h4>Socios empresariales e industriales (abre pronto)<\/h4>\r\n\r\n\r\n<\/div><\/div><\/div><\/div><\/div><\/div><\/div><\/div><\/section><section id=\"bt_section69e7462fcfae6\"  class=\"boldSection gutter \" ><div class=\"port\"><div class=\"boldCell\"><div class=\"boldCellInner\"><div class=\"boldRow \" ><div class=\"boldRowInner\"><div class=\"rowItem col-md-8 col-ms-12 btTextLeft inherit btDoublePadding customParagraph\"  data-width=\"8\"><div class=\"rowItemContent\" ><div class=\"btText\" >\r\n<h5><strong>Este grupo se centrar\u00e1 en desarrollar y mantener relaciones con socios corporativos e industriales.\u00a0<\/strong><\/h5>\r\n<h5><\/h5>\r\n<h5><strong>Objetivos<\/strong><\/h5>\r\n<ul>\r\n \t<li>Identificar socios potenciales en el sector privado que compartan la misi\u00f3n y los valores de LABI.<\/li>\r\n \t<li>Establecer y gestionar relaciones con socios corporativos e industriales.<\/li>\r\n \t<li>Colaborar con los socios en iniciativas y proyectos conjuntos.<\/li>\r\n \t<li>Promover la misi\u00f3n y los valores de LABI entre los socios corporativos e industriales.<\/li>\r\n<\/ul>\r\n\r\n\r\n\r\n\r\n<\/div><div class=\"btClear btSeparator bottomSmallSpaced noBorder\" ><hr><\/div><div class=\"btClear btSeparator bottomSmallSpaced noBorder\" ><hr><\/div><\/div><\/div><div class=\"rowItem col-md-4 col-ms-12 btTextLeft\"  data-width=\"4\"><div class=\"rowItemContent\" ><\/div><\/div><\/div><\/div><\/div><\/div><\/div><\/section>","protected":false},"excerpt":{"rendered":"","protected":false},"author":1,"featured_media":0,"parent":0,"menu_order":0,"comment_status":"closed","ping_status":"closed","template":"","meta":{"footnotes":""},"_links":{"self":[{"href":"https:\/\/labi.lat\/es\/wp-json\/wp\/v2\/pages\/3880"}],"collection":[{"href":"https:\/\/labi.lat\/es\/wp-json\/wp\/v2\/pages"}],"about":[{"href":"https:\/\/labi.lat\/es\/wp-json\/wp\/v2\/types\/page"}],"author":[{"embeddable":true,"href":"https:\/\/labi.lat\/es\/wp-json\/wp\/v2\/users\/1"}],"replies":[{"embeddable":true,"href":"https:\/\/labi.lat\/es\/wp-json\/wp\/v2\/comments?post=3880"}],"version-history":[{"count":166,"href":"https:\/\/labi.lat\/es\/wp-json\/wp\/v2\/pages\/3880\/revisions"}],"predecessor-version":[{"id":5083,"href":"https:\/\/labi.lat\/es\/wp-json\/wp\/v2\/pages\/3880\/revisions\/5083"}],"wp:attachment":[{"href":"https:\/\/labi.lat\/es\/wp-json\/wp\/v2\/media?parent=3880"}],"curies":[{"name":"wp","href":"https:\/\/api.w.org\/{rel}","templated":true}]}}