
{"id":3968,"date":"2023-06-08T09:17:21","date_gmt":"2023-06-08T12:17:21","guid":{"rendered":"https:\/\/labi.lat\/?page_id=3968"},"modified":"2025-12-14T22:36:05","modified_gmt":"2025-12-15T01:36:05","slug":"activities","status":"publish","type":"page","link":"https:\/\/labi.lat\/es\/activities\/","title":{"rendered":"Activities"},"content":{"rendered":"<section id=\"hero\"  class=\"boldSection topSpaced bottomSpaced btAccentColorBackground gutter boxed inherit wBackground cover wBackground cover btDarkSkin\" style=\"background-color:rgb(0,0,0)  !important;background-image:url('https:\/\/labi.lat\/wp-content\/uploads\/2023\/06\/banner-background_activities.png');background-size: cover;\"><div class=\"port\"><div class=\"boldCell\"><div class=\"boldCellInner\"><div class=\"boldRow \" ><div class=\"boldRowInner\"><div class=\"rowItem col-md-8 col-ms-12 btTextLeft inherit\"  data-width=\"8\"><div class=\"rowItemContent\" ><div class=\"btText\" ><div id=\"heroH1\">\n<h1>Programas de<br \/>\nformaci\u00f3n y desarrollo profesional <\/h1>\n<\/div>\n<\/div><div class=\"btClear btSeparator topSemiSpaced noBorder\" ><hr><\/div><\/div><\/div><div class=\"rowItem col-md-4 col-ms-12 btTextLeft inherit\"  data-width=\"4\"><div class=\"rowItemContent\" ><\/div><\/div><\/div><\/div><\/div><\/div><\/div><\/section><section id=\"bt_section69e9de713e423\"  class=\"boldSection topSmallSpaced bottomExtraSmallSpaced gutter boxed inherit bigParagraph\" ><div class=\"port\"><div class=\"boldCell\"><div class=\"boldCellInner\"><div class=\"boldRow \" ><div class=\"boldRowInner\"><div class=\"rowItem col-md-8 col-ms-12 btTextLeft\"  data-width=\"8\"><div class=\"rowItemContent\" ><div class=\"btClear btSeparator topSemiSpaced noBorder\" ><hr><\/div><div class=\"btText\" ><h6><br \/>\nLatin America Bioimaging proporcionar\u00e1 apoyo financiero para actividades de formaci\u00f3n y desarrollo profesional. Se ofrecen tres programas para mejorar las capacidades de bioimaging en Am\u00e9rica Latina, abriendo el acceso a formaci\u00f3n e infraestructura de investigaci\u00f3n.<\/h6>\n<\/div><div class=\"btClear btSeparator bottomSmallSpaced noBorder\" ><hr><\/div><div class=\"btText\" ><h6>La convocatoria est\u00e1 dirigida a personas que residan en Am\u00e9rica Latina. Se realizar\u00e1 con una periodicidad de dos convocatorias por a\u00f1o durante el per\u00edodo 2023-2025.<\/h6>\n<\/div><div class=\"btClear btSeparator\" ><hr><\/div><div class=\"btText\" ><h6>Este programa es posible gracias a los fondos otorgados por The Chan Zuckerberg Initiative<\/h6>\n<\/div><\/div><\/div><div class=\"rowItem col-md-4 col-ms-12 btTextCenter btMiddleVertical\"  data-width=\"4\"><div class=\"rowItemContent\" ><div class=\"btClear btSeparator topSemiSpaced noBorder\" ><hr><\/div><div class=\"btText\" ><h5><\/h5>\n<h5>El 2do llamado 2025 est\u00e1 cerrado!<\/h5>\n<h5><\/h5>\n<h5><\/span><\/h5>\n<\/div><div class=\"btText\" ><p><iframe loading=\"lazy\" title=\"How to apply LABI Training &amp; Career Development Programs\" width=\"1200\" height=\"675\" src=\"https:\/\/www.youtube.com\/embed\/M2flt9rgAUA?feature=oembed\" frameborder=\"0\" allow=\"accelerometer; autoplay; clipboard-write; encrypted-media; gyroscope; picture-in-picture; web-share\" referrerpolicy=\"strict-origin-when-cross-origin\" allowfullscreen><\/iframe><\/p>\n<\/div><\/div><\/div><\/div><\/div><\/div><\/div><\/div><\/section><section id=\"accordionWithButtoms\"  class=\"boldSection bottomSmallSpaced gutter boxed btMiddleVertical accordionWithButtoms\" ><div class=\"port\"><div class=\"boldCell\"><div class=\"boldCellInner\"><div class=\"boldRow container cyg--actividad\" ><div class=\"boldRowInner\"><div class=\"rowItem col-md-6 col-sm-12 btTextLeft btMiddleVertical\" style=\"min-height: 148px;\" data-width=\"6\"><div class=\"rowItemContent\" ><div class=\"btText\" >\r\n<h3>Programa 1<\/h3>\r\n<h5>Ayudas de viaje para asistir a cursos de bioimaging dirigido a usuarios e investigadores.<\/h5>\r\n\r\n\r\n<\/div><\/div><\/div><div class=\"rowItem col-md-6 col-sm-12 btTextCenter btMiddleVertical\"  data-width=\"6\"><div class=\"rowItemContent\" ><a href=\"https:\/\/docs.google.com\/document\/d\/1OVGfRPhh5RLwRi0hhyKy3mpPyk62G1vu4uLit5QPeso\/edit?usp=sharing\" class=\"btBtn btBtn btnFilledStyle btnAlternateColor btnSmall btnNormalWidth btnRightPosition btnNoIcon\"  target=\"_blank\"><span class=\"btnInnerText\">Download guidelines<\/span><\/a><a href=\"https:\/\/docs.google.com\/forms\/d\/e\/1FAIpQLScFFPyjhy9Y8dnbTSKjgwkYKxsTOzwbrgCWwxVRYyOOdZecOA\/viewform?usp=dialog\" class=\"btBtn btBtn btnFilledStyle btnAlternateColor btnSmall btnNormalWidth btnRightPosition btnNoIcon\"  target=\"_blank\"><span class=\"btnInnerText\">Apply to Program 1<\/span><\/a><div class=\"btClear btSeparator bottomSmallSpaced noBorder\" ><hr><\/div><\/div><\/div><\/div><\/div><div class=\"boldRow \" ><div class=\"boldRowInner\"><div class=\"rowItem col-md-12 col-ms-12  btTextLeft inherit\" style=\"background-color:rgba(101,44,144,0.27);\" data-width=\"12\"><div class=\"rowItemContent\" ><div class=\"btTabs tabsVertical\"><ul class=\"tabsHeader\"><li><span>Descripci\u00f3n \/ Description<\/span><\/li><\/ul><div class=\"tabPanes accordionPanes\"><div class=\"tabPane\">\n\t\t\t<div class=\"tabAccordionTitle\"><span>Descripci\u00f3n \/ Description<\/span><\/div>\n\t\t\t<div class=\"tabAccordionContent\"><div class=\"btText\" ><h5><\/h5>\n<p>OBJETIVO<\/p>\n<p>Fomentar el acceso a la formaci\u00f3n en bioimaging de investigadoras e investigadores residentes en Am\u00e9rica Latina.<\/p>\n<h6>DESCRIPCI\u00d3N<\/h6>\n<p>LABI contribuir\u00e1 a cubrir los gastos necesarios para la realizaci\u00f3n de un curso especializado en alguna tem\u00e1tica de Bioimaging.<\/p>\n<p>Como forma de promover la cooperaci\u00f3n y fomentar la construcci\u00f3n de una comunidad regional, se dar\u00e1 prioridad a cursos de car\u00e1cter internacional a realizarse dentro de latinoam\u00e9rica, pero se podr\u00e1n considerar cursos de car\u00e1cter local-nacional.<\/p>\n<p>Todas las solicitudes deber\u00e1n justificar el porqu\u00e9 de la elecci\u00f3n del curso seleccionado, la necesidad espec\u00edfica de formaci\u00f3n, de financiaci\u00f3n y el impacto previsto en la formaci\u00f3n individual y la comunidad local del solicitante.<\/p>\n<h5><br \/>\n<br \/>\n<\/h5>\n<\/div><\/div>\n\t\t<\/div><\/div><\/div><\/div><\/div><\/div><\/div><\/div><\/div><\/div><\/section><section id=\"accordionWithButtoms\"  class=\"boldSection bottomSmallSpaced gutter boxed btMiddleVertical accordionWithButtoms\" ><div class=\"port\"><div class=\"boldCell\"><div class=\"boldCellInner\"><div class=\"boldRow container cyg--actividad\" ><div class=\"boldRowInner\"><div class=\"rowItem col-md-6 col-sm-12 btTextLeft btMiddleVertical\" style=\"min-height: 148px;\" data-width=\"6\"><div class=\"rowItemContent\" ><div class=\"btText\" >\r\n<h3>Programa 2<\/h3>\r\n<h5>Ayudas de viaje para asistir a cursos de bioimaging dirigido a personal de unidades de servicios de bioimaging.<\/h5>\r\n\r\n\r\n<\/div><\/div><\/div><div class=\"rowItem col-md-6 col-sm-12 btTextCenter btMiddleVertical\"  data-width=\"6\"><div class=\"rowItemContent\" ><a href=\"https:\/\/docs.google.com\/document\/d\/1OVGfRPhh5RLwRi0hhyKy3mpPyk62G1vu4uLit5QPeso\/edit?usp=sharing\" class=\"btBtn btBtn btnFilledStyle btnAlternateColor btnSmall btnNormalWidth btnRightPosition btnNoIcon\"  target=\"_blank\"><span class=\"btnInnerText\">Download guidelines<\/span><\/a><a href=\"https:\/\/docs.google.com\/forms\/d\/e\/1FAIpQLSe8fWJweI8lOZWZAjkN9QaBDl0Ka3kOYijZ8K61lfnZf0Le6Q\/viewform?usp=dialog\" class=\"btBtn btBtn btnFilledStyle btnAlternateColor btnSmall btnNormalWidth btnRightPosition btnNoIcon\"  target=\"_blank\"><span class=\"btnInnerText\">Apply to Program 2<\/span><\/a><div class=\"btClear btSeparator bottomSmallSpaced noBorder\" ><hr><\/div><\/div><\/div><\/div><\/div><div class=\"boldRow \" ><div class=\"boldRowInner\"><div class=\"rowItem col-md-12 col-ms-12  btTextLeft inherit\" style=\"background-color:rgba(101,44,144,0.27);\" data-width=\"12\"><div class=\"rowItemContent\" ><div class=\"btTabs tabsVertical\"><ul class=\"tabsHeader\"><li><span>Descripci\u00f3n \/ Description<\/span><\/li><\/ul><div class=\"tabPanes accordionPanes\"><div class=\"tabPane\">\n\t\t\t<div class=\"tabAccordionTitle\"><span>Descripci\u00f3n \/ Description<\/span><\/div>\n\t\t\t<div class=\"tabAccordionContent\"><div class=\"btText\" ><h5><\/h5>\n<h5>OBJETIVO<\/h5>\n<p>Fomentar el acceso a la formaci\u00f3n en el \u00e1rea de bioimaging de profesionales de unidades de servicio en Am\u00e9rica Latina.<\/p>\n<h5>DESCRIPCI\u00d3N<\/h5>\n<p>LABI contribuir\u00e1 a cubrir los gastos necesarios para la realizaci\u00f3n de un curso en alguna tem\u00e1tica vinculada al bioimaging, incluyendo espec\u00edficamente aquellos dirigidos a mejorar la gesti\u00f3n y el funcionamiento de unidades de servicio.<\/p>\n<p>Como forma de promover la cooperaci\u00f3n y fomentar la construcci\u00f3n de una comunidad regional, se dar\u00e1 prioridad a cursos de car\u00e1cter internacional a realizarse dentro de latinoam\u00e9rica, pero se podr\u00e1n considerar cursos de car\u00e1cter local-nacional.<\/p>\n<p>Las solicitudes deber\u00e1n justificar el porqu\u00e9 de la elecci\u00f3n del curso seleccionado, la necesidad espec\u00edfica de formaci\u00f3n, de financiaci\u00f3n y el impacto previsto en la formaci\u00f3n individual y la comunidad local del solicitante.<\/p>\n<h5><br \/>\n<br \/>\n<\/h5>\n<\/div><\/div>\n\t\t<\/div><\/div><\/div><\/div><\/div><\/div><\/div><\/div><\/div><\/div><\/section><section id=\"accordionWithButtoms\"  class=\"boldSection bottomSmallSpaced gutter boxed btMiddleVertical accordionWithButtoms\" ><div class=\"port\"><div class=\"boldCell\"><div class=\"boldCellInner\"><div class=\"boldRow container cyg--actividad\" ><div class=\"boldRowInner\"><div class=\"rowItem col-md-6 col-sm-12 btTextLeft btMiddleVertical\" style=\"min-height: 148px;\" data-width=\"6\"><div class=\"rowItemContent\" ><div class=\"btText\" >\r\n<h3>Programa 3<\/h3>\r\n<h5>Becas de viaje para facilitar la colaboraci\u00f3n e intercambio entre centros de imagen de Am\u00e9rica Latina<\/h5>\r\n\r\n\r\n<\/div><\/div><\/div><div class=\"rowItem col-md-6 col-sm-12 btTextCenter btMiddleVertical\"  data-width=\"6\"><div class=\"rowItemContent\" ><a href=\"https:\/\/docs.google.com\/document\/d\/1OVGfRPhh5RLwRi0hhyKy3mpPyk62G1vu4uLit5QPeso\/edit?usp=sharing\" class=\"btBtn btBtn btnFilledStyle btnAlternateColor btnSmall btnNormalWidth btnRightPosition btnNoIcon\"  target=\"_blank\"><span class=\"btnInnerText\">Download guidelines<\/span><\/a><a href=\"https:\/\/docs.google.com\/forms\/d\/e\/1FAIpQLSd6pY8PjExGONm6QjQE83CQ1sFjo-jMv5hf6er35l2dkYl08g\/viewform?usp=dialog\" class=\"btBtn btBtn btnFilledStyle btnAlternateColor btnSmall btnNormalWidth btnRightPosition btnNoIcon\"  target=\"_blank\"><span class=\"btnInnerText\">Apply to Program 3<\/span><\/a><div class=\"btClear btSeparator bottomSmallSpaced noBorder\" ><hr><\/div><\/div><\/div><\/div><\/div><div class=\"boldRow \" ><div class=\"boldRowInner\"><div class=\"rowItem col-md-12 col-ms-12  btTextLeft inherit\" style=\"background-color:rgba(101,44,144,0.27);\" data-width=\"12\"><div class=\"rowItemContent\" ><div class=\"btTabs tabsVertical\"><ul class=\"tabsHeader\"><li><span>Descripci\u00f3n \/ Description<\/span><\/li><\/ul><div class=\"tabPanes accordionPanes\"><div class=\"tabPane\">\n\t\t\t<div class=\"tabAccordionTitle\"><span>Descripci\u00f3n \/ Description<\/span><\/div>\n\t\t\t<div class=\"tabAccordionContent\"><div class=\"btText\" ><h5><\/h5>\n<h5>OBJETIVO<\/h5>\n<p>Promover el desarrollo profesional del personal de Imaging Facilities mediante una experiencia de trabajo personalizada en otra unidad de servicio.<\/p>\n<p>Fomentar el trabajo en red y promover posibles colaboraciones entre unidades de servicios en bioimaging en Am\u00e9rica Latina<\/p>\n<h5>DESCRIPCI\u00d3N<\/h5>\n<p><strong>LABI contribuir\u00e1 a cubrir los gastos necesarios para visitar o recibir una visita en una unidad de servicio de bioimaging<\/strong>. Esta experiencia debe permitir a los participantes del programa aprender o ense\u00f1ar nuevos aspectos relacionados al uso y manejo de las instalaciones, como por ejemplo: acceso de usuarios, gesti\u00f3n de calidad, herramientas de software, almacenamiento y an\u00e1lisis de datos de imagen, organizaci\u00f3n de instalaciones, uso de nuevas tecnolog\u00edas, entre otras.<\/p>\n<p>Como forma de promover la cooperaci\u00f3n y fomentar la construcci\u00f3n de una comunidad regional mediante el acceso abierto a infraestructura de investigaci\u00f3n, se dar\u00e1 prioridad a intercambios de car\u00e1cter internacional a realizarse dentro de latinoam\u00e9rica, pero se podr\u00e1n considerar estad\u00edas de car\u00e1cter local-nacional.<\/p>\n<p>En todos los casos, las solicitudes deber\u00e1n justificar el porqu\u00e9 de la elecci\u00f3n de la unidad de destino seleccionada, la necesidad espec\u00edfica de formaci\u00f3n, de financiaci\u00f3n, el impacto previsto en la formaci\u00f3n individual, en su unidad de servicio en bioimaging y en la comunidad local del solicitante.<\/p>\n<p><strong>Para m\u00e1s informaci\u00f3n contactar:<span style=\"color: #0000ff;\"> <a style=\"color: #0000ff;\" href=\"mailto:mailto:latambioimaging@gmail.com\" target=\"_blank\" rel=\"noopener\">latambioimaging@gmail.com<\/a><\/span><\/strong><\/p>\n<h5><br \/>\n<br \/>\n<\/h5>\n<\/div><\/div>\n\t\t<\/div><\/div><\/div><\/div><\/div><\/div><\/div><\/div><\/div><\/div><\/section><section id=\"bt_section69e9de713f776\"  class=\"boldSection bottomSpaced gutter boxed inherit bigParagraph\" ><div class=\"port\"><div class=\"boldCell\"><div class=\"boldCellInner\"><div class=\"boldRow \" ><div class=\"boldRowInner\"><div class=\"rowItem col-md-8 col-ms-12 btTextLeft\"  data-width=\"8\"><div class=\"rowItemContent\" ><div class=\"btText\" >\r\n<h5>Haga clic en cada programa para obtener m\u00e1s informaci\u00f3n sobre sus caracter\u00edsticas y las bases de la convocatoria.<\/h5>\r\n<\/div><div class=\"btClear btSeparator bottomSmallSpaced noBorder\" ><hr><\/div><div class=\"btText\" >\r\n<h5>Los solicitantes deben estar registrados en LABI en el momento de presentar la solicitud. La inscripci\u00f3n no tiene ning\u00fan costo asociado y puede realizarse a trav\u00e9s de nuestra p\u00e1gina web.<\/h5>\r\n<\/div><div class=\"btClear btSeparator\" ><hr><\/div><\/div><\/div><div class=\"rowItem col-md-4 col-ms-12 btTextLeft\"  data-width=\"4\"><div class=\"rowItemContent\" ><div class=\"btText\" ><p><iframe loading=\"lazy\" title=\"Job Shadowing | Luz Fuentealba y Marcela D\u00edaz intercambian sobre la experiencia\" width=\"1200\" height=\"675\" src=\"https:\/\/www.youtube.com\/embed\/rg9uGzXReYY?feature=oembed\" frameborder=\"0\" allow=\"accelerometer; autoplay; clipboard-write; encrypted-media; gyroscope; picture-in-picture; web-share\" referrerpolicy=\"strict-origin-when-cross-origin\" allowfullscreen><\/iframe><\/p>\n<\/div><\/div><\/div><\/div><\/div><\/div><\/div><\/div><\/section>","protected":false},"excerpt":{"rendered":"","protected":false},"author":1,"featured_media":0,"parent":0,"menu_order":0,"comment_status":"closed","ping_status":"closed","template":"","meta":{"footnotes":""},"_links":{"self":[{"href":"https:\/\/labi.lat\/es\/wp-json\/wp\/v2\/pages\/3968"}],"collection":[{"href":"https:\/\/labi.lat\/es\/wp-json\/wp\/v2\/pages"}],"about":[{"href":"https:\/\/labi.lat\/es\/wp-json\/wp\/v2\/types\/page"}],"author":[{"embeddable":true,"href":"https:\/\/labi.lat\/es\/wp-json\/wp\/v2\/users\/1"}],"replies":[{"embeddable":true,"href":"https:\/\/labi.lat\/es\/wp-json\/wp\/v2\/comments?post=3968"}],"version-history":[{"count":159,"href":"https:\/\/labi.lat\/es\/wp-json\/wp\/v2\/pages\/3968\/revisions"}],"predecessor-version":[{"id":5280,"href":"https:\/\/labi.lat\/es\/wp-json\/wp\/v2\/pages\/3968\/revisions\/5280"}],"wp:attachment":[{"href":"https:\/\/labi.lat\/es\/wp-json\/wp\/v2\/media?parent=3968"}],"curies":[{"name":"wp","href":"https:\/\/api.w.org\/{rel}","templated":true}]}}