
{"id":4045,"date":"2023-06-08T14:53:29","date_gmt":"2023-06-08T17:53:29","guid":{"rendered":"https:\/\/labi.lat\/?page_id=4045"},"modified":"2025-04-27T19:12:43","modified_gmt":"2025-04-27T22:12:43","slug":"resources","status":"publish","type":"page","link":"https:\/\/labi.lat\/es\/activities\/resources\/","title":{"rendered":"Resources"},"content":{"rendered":"<section id=\"bt_section69e7465b51051\"  class=\"boldSection gutter boxed inherit\" style=\"background-color:rgb(255,249,240)  !important;\"><div class=\"port\"><div class=\"boldCell\"><div class=\"boldCellInner\"><div class=\"boldRow \" ><div class=\"boldRowInner\"><div class=\"rowItem col-md-8 col-ms-12 btTextLeft\"  data-width=\"8\"><div class=\"rowItemContent\" ><div class=\"btText\" ><header class=\"header btClear large heroClear regular\">\n<div class=\"dash\">\n<p><\/p>\n<h3>Un repositorio comunitario global<\/h3>\n<h3>de recursos de microscop\u00eda en l\u00ednea<\/h3>\n<p><br \/>\n<br \/>\n<\/p>\n<\/div>\n<\/header>\n<\/div><a href=\"https:\/\/microscopydb.io\/\" class=\"btBtn btBtn btnFilledStyle btnAlternateColor btnMedium btnNormalWidth btnRightPosition btnNoIcon\"  target=\"_blank\"><span class=\"btnInnerText\">microscopydb.io<\/span><\/a><\/div><\/div><div class=\"rowItem col-md-4 col-ms-12 btTextLeft\"  data-width=\"4\"><div class=\"rowItemContent\" ><\/div><\/div><\/div><\/div><\/div><\/div><\/div><\/section><section id=\"bt_section69e7465b51363\"  class=\"boldSection topSmallSpaced bottomExtraSmallSpaced gutter boxed inherit bigParagraph\" style=\"background-color:rgb(255,249,240)  !important;\"><div class=\"port\"><div class=\"boldCell\"><div class=\"boldCellInner\"><div class=\"boldRow \" ><div class=\"boldRowInner\"><div class=\"rowItem col-md-8 col-ms-12 btTextLeft\"  data-width=\"8\"><div class=\"rowItemContent\" ><div class=\"btText\" ><h5><\/h5>\n<h5>Los recursos de la Comunidad son fruto de una colaboraci\u00f3n con <a href=\"https:\/\/microscopydb.io\/\">MicroscopyDB<\/a><\/h5>\n<p>Microscopy DataBase es una base de datos de enlaces a sitios web y recursos en l\u00ednea relacionados con la microscop\u00eda. El objetivo de MicroscopyDB es facilitar la b\u00fasqueda y difusi\u00f3n de informaci\u00f3n relacionada con la microscop\u00eda.<\/p>\n<h5><\/h5>\n<h5><\/h5>\n<h5><\/h5>\n<\/div><\/div><\/div><div class=\"rowItem col-md-4 col-ms-12 btTextLeft\"  data-width=\"4\"><div class=\"rowItemContent\" ><\/div><\/div><\/div><\/div><\/div><\/div><\/div><\/section><section id=\"bt_section69e7465b51595\"  class=\"boldSection gutter boxed inherit\" style=\"background-color:rgb(255,249,240)  !important;\"><div class=\"port\"><div class=\"boldCell\"><div class=\"boldCellInner\"><div class=\"boldRow \" ><div class=\"boldRowInner\"><div class=\"rowItem col-md-6 col-sm-12 btTextLeft btMiddleVertical cyg--col-left\"  data-width=\"6\"><div class=\"rowItemContent\" ><div class=\"boldRow cyg--fix-flex\" ><div class=\"boldRowInner\"><div class=\"rowItem rowInnerItem col-sm-4  btTextLeft\"  ><div class=\"rowItemContent\"><div class=\"bpgPhoto btDefaultHoverType\" ><div class = \"btImage\"><img src=\"https:\/\/labi.lat\/wp-content\/uploads\/2023\/06\/Icon-Training.svg\" alt=\"\" title=\"\"><\/div><\/div><div class=\"btClear btSeparator topSemiSpaced noBorder\" ><hr><\/div><\/div><\/div><div class=\"rowItem rowInnerItem col-sm-8  btTextLeft\"  ><div class=\"rowItemContent\"><div class=\"btText\" >\r\n<h5>Formaci\u00f3n y Educaci\u00f3n<\/h5>\r\nSitios web de Formaci\u00f3n y Educaci\u00f3n en microscop\u00eda, enlaces, v\u00eddeos. <strong>DISPONIBLE PR\u00d3XIMAMENTE<\/strong>\r\n\r\n\r\n\r\n<\/div><div class=\"btClear btSeparator topSemiSpaced noBorder\" ><hr><\/div><\/div><\/div><\/div><\/div><\/div><\/div><div class=\"rowItem col-md-6 col-sm-12 btTextLeft btMiddleVertical cyg--col-right\"  data-width=\"6\"><div class=\"rowItemContent\" ><div class=\"boldRow cyg--fix-flex\" ><div class=\"boldRowInner\"><div class=\"rowItem rowInnerItem col-sm-4  btTextLeft\"  ><div class=\"rowItemContent\"><div class=\"bpgPhoto btDefaultHoverType\" ><div class = \"btImage\"><img src=\"https:\/\/labi.lat\/wp-content\/uploads\/2023\/06\/icon-community.svg\" alt=\"\" title=\"\"><\/div><\/div><div class=\"btClear btSeparator topSemiSpaced noBorder\" ><hr><\/div><\/div><\/div><div class=\"rowItem rowInnerItem col-sm-8  btTextLeft\"  ><div class=\"rowItemContent\"><div class=\"btText\" >\r\n<h5>Eventos de la comunidad<\/h5>\r\nConferencias, talleres y cursos relacionados con la microscop\u00eda\r\n\r\n\r\n\r\n<\/div><div class=\"btClear btSeparator topSmallSpaced noBorder\" ><hr><\/div><div class=\"btText\" ><p><a class=\"btn-custom\" href=\"https:\/\/labi.lat\/activities\/resources\/#meettings-and-eventes\" rel=\"noopener\">Explorar<\/a><\/p>\n<\/div><\/div><\/div><\/div><\/div><\/div><\/div><\/div><\/div><\/div><\/div><\/div><\/section><section id=\"bt_section69e7465b5205f\"  class=\"boldSection bottomSemiSpaced gutter boxed inherit\" style=\"background-color:rgb(255,249,240)  !important;\"><div class=\"port\"><div class=\"boldCell\"><div class=\"boldCellInner\"><div class=\"boldRow \" ><div class=\"boldRowInner\"><div class=\"rowItem col-md-6 col-sm-12 btTextLeft btMiddleVertical cyg--col-left\"  data-width=\"6\"><div class=\"rowItemContent\" ><div class=\"boldRow cyg--fix-flex\" ><div class=\"boldRowInner\"><div class=\"rowItem rowInnerItem col-sm-4  btTextLeft\"  ><div class=\"rowItemContent\"><div class=\"bpgPhoto btDefaultHoverType\" ><div class = \"btImage\"><img src=\"https:\/\/labi.lat\/wp-content\/uploads\/2023\/06\/icon-job.svg\" alt=\"\" title=\"\"><\/div><\/div><div class=\"btClear btSeparator topSemiSpaced noBorder\" ><hr><\/div><\/div><\/div><div class=\"rowItem rowInnerItem col-sm-8  btTextLeft\"  ><div class=\"rowItemContent\"><div class=\"btText\" >\r\n<h5>Oportunidades Laborales<\/h5>\r\nPuestos acad\u00e9micos, en la industria y postdoctorales\r\n\r\n\r\n\r\n<\/div><div class=\"btClear btSeparator topSmallSpaced bottomSmallSpaced noBorder\" ><hr><\/div><div class=\"btText\" ><p><a class=\"btn-custom\" href=\"https:\/\/labi.lat\/jobs\/\" rel=\"noopener\">Explorar <\/a><\/p>\n<\/div><\/div><\/div><\/div><\/div><\/div><\/div><div class=\"rowItem col-md-6 col-sm-12 btTextLeft btMiddleVertical cyg--col-right\"  data-width=\"6\"><div class=\"rowItemContent\" ><div class=\"boldRow cyg--fix-flex\" ><div class=\"boldRowInner\"><div class=\"rowItem rowInnerItem col-sm-4  btTextLeft\"  ><div class=\"rowItemContent\"><div class=\"bpgPhoto btDefaultHoverType\" ><div class = \"btImage\"><img src=\"https:\/\/labi.lat\/wp-content\/uploads\/2023\/06\/icon-funding.svg\" alt=\"\" title=\"\"><\/div><\/div><div class=\"btClear btSeparator topSemiSpaced noBorder\" ><hr><\/div><\/div><\/div><div class=\"rowItem rowInnerItem col-sm-8  btTextLeft\"  ><div class=\"rowItemContent\"><div class=\"btText\" >\r\n<h5>Herramientas<\/h5>\r\nInstrucciones, CAD y mucho m\u00e1s para tools y widgets de microscop\u00eda.\u00a0<strong>DISPONIBLE PR\u00d3XIMAMENTE<\/strong>\r\n\r\n\r\n\r\n<\/div><div class=\"btClear btSeparator topSemiSpaced noBorder\" ><hr><\/div><\/div><\/div><\/div><\/div><\/div><\/div><\/div><\/div><\/div><\/div><\/div><\/section><section id=\"meettings-and-eventes\"  class=\"boldSection gutter boxed inherit\" style=\"background-color:rgb(255,249,240)  !important;\"><div class=\"port\"><div class=\"boldCell\"><div class=\"boldCellInner\"><div class=\"boldRow \" ><div class=\"boldRowInner\"><div class=\"rowItem col-md-4 col-ms-12 btTextLeft\"  data-width=\"4\"><div class=\"rowItemContent\" ><\/div><\/div><div class=\"rowItem col-md-4 col-ms-12 btTextCenter animate animate-fadein inherit\"  data-width=\"4\"><div class=\"rowItemContent\" ><div class=\"btText\" ><h2 class=\"tit-1\">Eventos \/ Cursos<\/h2>\n<p>A continuaci\u00f3n encontrar\u00e1 una lista no exhaustiva de los pr\u00f3ximos eventos y cursos para la comunidad. Si tiene alg\u00fan evento o curso para compartir, <a href=\"https:\/\/microscopydb.io\/add-a-community-event\/\">publ\u00edquelo aqu\u00ed<\/a>.<\/p>\n<p>(\u00ab$\u00bb asociado a una cuota de inscripci\u00f3n)<br \/>\nSi hay alg\u00fan error, por favor notif\u00edquelo a contact@microscopydb.io.<\/p>\n<h2 class=\"tit-1\"><\/h2>\n<\/div><div class=\"btClear btSeparator topSemiSpaced noBorder\" ><hr><\/div><\/div><\/div><div class=\"rowItem col-md-4 col-ms-12 btTextLeft\"  data-width=\"4\"><div class=\"rowItemContent\" ><div class=\"btText\" ><h2 class=\"tit-1\">LABI Meeting<\/h2>\n<p>El evento conjunto #LABIMeeting2025 tendr\u00e1 lugar del <strong>10 al 12 de Noviembre<\/strong> en Buenos Aires, Argentina.<\/p>\n<h5>visit: <a href=\"https:\/\/www.labimeeting.com\/\">labimeeting.com<\/a><\/h5>\n<h2 class=\"tit-1\"><\/h2>\n<\/div><a href=\"https:\/\/www.labimeeting.com\/\" class=\"btBtn btBtn btnFilledStyle btnNormalColor btnSmall btnNormalWidth btnRightPosition btnNoIcon\"  target=\"_blank\"><span class=\"btnInnerText\">LABI Meeting<\/span><\/a><div class=\"btClear btSeparator topSemiSpaced noBorder\" ><hr><\/div><\/div><\/div><\/div><\/div><div class=\"boldRow \" ><div class=\"boldRowInner\"><div class=\"rowItem col-md-12 col-ms-12  btTextLeft\"  data-width=\"12\"><div class=\"rowItemContent\" ><div class=\"btText\" ><div class=\"meetings-filters\">\n\t<div class=\"filter-column\">\n\t\t<label for=\"filter-eventType\">Tipo de evento<\/label>\n\t\t<select name=\"eventType\" id=\"filter-eventType\">\n\t\t\t<option value=\"\">Seleccione un tipo de evento<\/option>\n\t\t<\/select>\n\t<\/div>\n\t<div class=\"filter-column\">\n\t\t<label for=\"filter-country\">Pa\u00eds<\/label>\n\t\t<select name=\"country\" id=\"filter-country\">\n\t\t\t<option value=\"\">Seleccione un pa\u00eds<\/option>\n\t\t<\/select>\n\t<\/div>\n<\/div>\n<div class=\"meetings events-list\"><\/div>\n<div class=\"loader-container\">\n\t<div class=\"custom-loader\"><\/div>\n<\/div>\n<script>\n\tconst _LEARN_MORE_LABEL = 'Aprende m\u00e1s'\n<\/script><\/div><\/div><\/div><\/div><\/div><\/div><\/div><\/div><\/section>","protected":false},"excerpt":{"rendered":"","protected":false},"author":1,"featured_media":0,"parent":3968,"menu_order":0,"comment_status":"closed","ping_status":"closed","template":"","meta":{"footnotes":""},"_links":{"self":[{"href":"https:\/\/labi.lat\/es\/wp-json\/wp\/v2\/pages\/4045"}],"collection":[{"href":"https:\/\/labi.lat\/es\/wp-json\/wp\/v2\/pages"}],"about":[{"href":"https:\/\/labi.lat\/es\/wp-json\/wp\/v2\/types\/page"}],"author":[{"embeddable":true,"href":"https:\/\/labi.lat\/es\/wp-json\/wp\/v2\/users\/1"}],"replies":[{"embeddable":true,"href":"https:\/\/labi.lat\/es\/wp-json\/wp\/v2\/comments?post=4045"}],"version-history":[{"count":70,"href":"https:\/\/labi.lat\/es\/wp-json\/wp\/v2\/pages\/4045\/revisions"}],"predecessor-version":[{"id":5266,"href":"https:\/\/labi.lat\/es\/wp-json\/wp\/v2\/pages\/4045\/revisions\/5266"}],"up":[{"embeddable":true,"href":"https:\/\/labi.lat\/es\/wp-json\/wp\/v2\/pages\/3968"}],"wp:attachment":[{"href":"https:\/\/labi.lat\/es\/wp-json\/wp\/v2\/media?parent=4045"}],"curies":[{"name":"wp","href":"https:\/\/api.w.org\/{rel}","templated":true}]}}