
{"id":4072,"date":"2023-06-08T15:26:31","date_gmt":"2023-06-08T18:26:31","guid":{"rendered":"https:\/\/labi.lat\/?page_id=4072"},"modified":"2025-08-12T12:43:21","modified_gmt":"2025-08-12T15:43:21","slug":"join","status":"publish","type":"page","link":"https:\/\/labi.lat\/es\/join\/","title":{"rendered":"Join"},"content":{"rendered":"<section id=\"hero\"  class=\"boldSection topSpaced bottomSpaced btAccentColorBackground gutter boxed inherit wBackground cover wBackground cover btDarkSkin\" style=\"background-color:rgb(0,0,0)  !important;background-image:url('https:\/\/labi.lat\/wp-content\/uploads\/2023\/06\/banner-background_join.png');background-size: cover;\"><div class=\"port\"><div class=\"boldCell\"><div class=\"boldCellInner\"><div class=\"boldRow \" ><div class=\"boldRowInner\"><div class=\"rowItem col-md-8 col-ms-12 btTextLeft inherit\"  data-width=\"8\"><div class=\"rowItemContent\" ><div class=\"btText\" ><div id=\"heroH1\">\n<h1><\/h1>\n<\/div>\n<\/div><div class=\"btClear btSeparator topSemiSpaced noBorder\" ><hr><\/div><\/div><\/div><div class=\"rowItem col-md-4 col-ms-12 btTextLeft inherit\"  data-width=\"4\"><div class=\"rowItemContent\" ><\/div><\/div><\/div><\/div><\/div><\/div><\/div><\/section><section id=\"bt_section69e733073f259\"  class=\"boldSection gutter boxed inherit\" style=\"background-color:rgb(255,249,240)  !important;\"><div class=\"port\"><div class=\"boldCell\"><div class=\"boldCellInner\"><div class=\"boldRow \" ><div class=\"boldRowInner\"><div class=\"rowItem col-md-8 col-ms-12 btTextLeft\"  data-width=\"8\"><div class=\"rowItemContent\" ><div class=\"btClear btSeparator topSemiSpaced noBorder\" ><hr><\/div><div class=\"btText\" ><h4>\u00danase a la creciente comunidad latinoamericana que apoya la bioimagen en toda la regi\u00f3n<\/h4>\n<\/div><div class=\"boldRow \" ><div class=\"boldRowInner\"><div class=\"rowItem rowInnerItem col-sm-9  btTextLeft inherit h2Bajada\"  ><div class=\"rowItemContent\"><div class=\"btText\" >Reg\u00edstrese y recibir\u00e1 nuestro bolet\u00edn mensual con informaci\u00f3n detallada sobre eventos, talleres, cursos, oportunidades de financiaci\u00f3n, ofertas de empleo e informaci\u00f3n seleccionada de inter\u00e9s de la comunidad de LABI y sus socios globales. <\/div><div class=\"btClear btSeparator topSemiSpaced noBorder\" ><hr><\/div><div class=\"btText\" ><p><a class=\"btn-custom\" href=\"https:\/\/docs.google.com\/forms\/u\/1\/d\/1M-7q8HPv0RCSlwp6_c_I8clNMpysbNaQc08XVVxygDk\/edit?usp=drive_web\" target=\"_blank\" rel=\"noopener\">Formulario<\/a><\/p>\n<\/div><div class=\"btClear btSeparator bottomSpaced noBorder\" ><hr><\/div><\/div><\/div><div class=\"rowItem rowInnerItem col-sm-3  btTextLeft\"  ><div class=\"rowItemContent\"><\/div><\/div><\/div><\/div><\/div><\/div><div class=\"rowItem col-md-4 col-ms-12 btTextLeft\"  data-width=\"4\"><div class=\"rowItemContent\" ><\/div><\/div><\/div><\/div><\/div><\/div><\/div><\/section><section id=\"membership-benefits\"  class=\"boldSection inherit\" style=\"background-color:rgb(255,249,240)  !important;\"><div class=\"port\"><div class=\"boldCell\"><div class=\"boldCellInner\"><div class=\"boldRow \" ><div class=\"boldRowInner\"><div class=\"rowItem col-md-6 col-sm-12 btTextLeft animate animate-fadein inherit\"  data-width=\"6\"><div class=\"rowItemContent\" ><div class=\"bpgPhoto btDefaultHoverType\" ><div class = \"btImage\"><img src=\"https:\/\/labi.lat\/wp-content\/uploads\/2024\/09\/LABI-Meeting-2024-scaled.jpeg\" alt=\"\" title=\"\"><\/div><\/div><\/div><\/div><div class=\"rowItem col-md-6 col-sm-12 btTextLeft animate animate-fadein inherit btDoublePadding btLightSkin\" style=\"background-color:rgb(255,249,240);\" data-width=\"6\"><div class=\"rowItemContent\" style = \"background-color:rgb(255,249,240);\"><div class=\"boldRow \" style=\"max-width: 580px; float: left;\"><div class=\"boldRowInner\"><div class=\"rowItem rowInnerItem col-sm-12  btTextLeft inherit\"  ><div class=\"rowItemContent\"><div class=\"btClear btSeparator topSemiSpaced noBorder\" ><hr><\/div><header class=\"header btClear large btDash bottomDash  regular\" ><div class=\"dash\"><h2><span class=\"headline\">Membership benefits<\/span><\/h2><\/div><div class=\"btSubTitle\">Be part of a diverse community across Latin America to take action, connect and showcase your work.\r<br>Access to Training &amp; Career development programs.\r<br>Stay up to date about opportunities with our Monthly Newsletter.<\/div><\/header><div class=\"btClear btSeparator topSemiSpaced noBorder\" ><hr><\/div><\/div><\/div><\/div><\/div><\/div><\/div><\/div><\/div><div class=\"boldRow \" ><div class=\"boldRowInner\"><div class=\"rowItem col-md-12 col-ms-12  btTextLeft\"  data-width=\"12\"><div class=\"rowItemContent\" ><div class=\"btClear btSeparator bottomSemiSpaced noBorder\" ><hr><\/div><\/div><\/div><\/div><\/div><\/div><\/div><\/div><\/section><section id=\"join-newsletter\"  class=\"boldSection topSemiSpaced bottomSemiSpaced gutter boxed inherit\" style=\"background-color:rgb(252,181,61)  !important;\"><div class=\"port\"><div class=\"boldCell\"><div class=\"boldCellInner\"><div class=\"boldRow \" ><div class=\"boldRowInner\"><div class=\"rowItem col-md-6 col-sm-12 btTextLeft\"  data-width=\"6\"><div class=\"rowItemContent\" ><div class=\"btText\" ><h2>Join our newsletter<\/h2>\n<\/div><a href=\"https:\/\/latambioimaging.us1.list-manage.com\/subscribe?u=72248539ecb0f309b89af59dc&amp;id=18d7efa1f9\" class=\"btBtn btBtn btnFilledStyle btnAlternateColor btnBig btnNormalWidth btnRightPosition btnNoIcon\"  target=\"_blank\"><span class=\"btnInnerText\">Join now<\/span><\/a><\/div><\/div><div class=\"rowItem col-md-6 col-sm-12 btTextLeft\"  data-width=\"6\"><div class=\"rowItemContent\" ><\/div><\/div><\/div><\/div><div class=\"boldRow \" ><div class=\"boldRowInner\"><div class=\"rowItem col-md-12 col-ms-12  btTextLeft inherit\"  data-width=\"12\"><div class=\"rowItemContent\" ><div class=\"btClear btSeparator bottomSemiSpaced noBorder\" ><hr><\/div><\/div><\/div><\/div><\/div><\/div><\/div><\/div><\/section><section id=\"join-newsletter\"  class=\"boldSection topSemiSpaced bottomSemiSpaced gutter boxed inherit\" style=\"background-color:rgb(255,255,255)  !important;\"><div class=\"port\"><div class=\"boldCell\"><div class=\"boldCellInner\"><div class=\"boldRow \" ><div class=\"boldRowInner\"><div class=\"rowItem col-md-4 col-ms-12 btTextLeft\"  data-width=\"4\"><div class=\"rowItemContent\" ><div class=\"btText\" ><h4>Share your content<\/h4>\n<\/div><div class=\"btText\" ><p>We can help spread the word about your activities, courses, events, and more through our monthly newsletter, social media channels, and our website via Microscopy DB. To ensure accurate and effective dissemination, please follow the guidelines outlined in this short manual.<\/p>\n<\/div><div class=\"btClear btSeparator bottomSmallSpaced noBorder\" ><hr><\/div><a href=\"https:\/\/labi.lat\/wp-content\/uploads\/2025\/08\/DifusionLABI.pdf\" class=\"btBtn btBtn btnFilledStyle btnAlternateColor btnBig btnNormalWidth btnRightPosition btnNoIcon\"  target=\"_blank\"><span class=\"btnInnerText\">Manual<\/span><\/a><\/div><\/div><div class=\"rowItem col-md-4 col-ms-12 btTextLeft\"  data-width=\"4\"><div class=\"rowItemContent\" ><div class=\"btClear btSeparator noBorder\" ><hr><\/div><\/div><\/div><div class=\"rowItem col-md-4 col-ms-12 btTextLeft\"  data-width=\"4\"><div class=\"rowItemContent\" ><div class=\"bpgPhoto btDefaultHoverType\" ><div class = \"btImage\"><img src=\"https:\/\/labi.lat\/wp-content\/uploads\/2025\/08\/web.png\" alt=\"\" title=\"\"><\/div><\/div><\/div><\/div><\/div><\/div><\/div><\/div><\/div><\/section>","protected":false},"excerpt":{"rendered":"","protected":false},"author":1,"featured_media":0,"parent":0,"menu_order":0,"comment_status":"closed","ping_status":"closed","template":"","meta":{"footnotes":""},"_links":{"self":[{"href":"https:\/\/labi.lat\/es\/wp-json\/wp\/v2\/pages\/4072"}],"collection":[{"href":"https:\/\/labi.lat\/es\/wp-json\/wp\/v2\/pages"}],"about":[{"href":"https:\/\/labi.lat\/es\/wp-json\/wp\/v2\/types\/page"}],"author":[{"embeddable":true,"href":"https:\/\/labi.lat\/es\/wp-json\/wp\/v2\/users\/1"}],"replies":[{"embeddable":true,"href":"https:\/\/labi.lat\/es\/wp-json\/wp\/v2\/comments?post=4072"}],"version-history":[{"count":64,"href":"https:\/\/labi.lat\/es\/wp-json\/wp\/v2\/pages\/4072\/revisions"}],"predecessor-version":[{"id":5215,"href":"https:\/\/labi.lat\/es\/wp-json\/wp\/v2\/pages\/4072\/revisions\/5215"}],"wp:attachment":[{"href":"https:\/\/labi.lat\/es\/wp-json\/wp\/v2\/media?parent=4072"}],"curies":[{"name":"wp","href":"https:\/\/api.w.org\/{rel}","templated":true}]}}