
{"id":4090,"date":"2023-06-08T15:41:54","date_gmt":"2023-06-08T18:41:54","guid":{"rendered":"https:\/\/labi.lat\/?page_id=4090"},"modified":"2025-08-11T10:03:01","modified_gmt":"2025-08-11T13:03:01","slug":"core-facilities","status":"publish","type":"page","link":"https:\/\/labi.lat\/es\/core-facilities\/","title":{"rendered":"Core Facilities"},"content":{"rendered":"<section id=\"hero\"  class=\"boldSection topSpaced bottomSpaced btAccentColorBackground gutter boxed inherit wBackground cover wBackground cover btDarkSkin\" style=\"background-color:rgb(0,0,0)  !important;background-image:url('https:\/\/labi.lat\/wp-content\/uploads\/2023\/06\/banner-background_facilities.png');background-size: cover;\"><div class=\"port\"><div class=\"boldCell\"><div class=\"boldCellInner\"><div class=\"boldRow \" ><div class=\"boldRowInner\"><div class=\"rowItem col-md-8 col-ms-12 btTextLeft inherit\"  data-width=\"8\"><div class=\"rowItemContent\" ><div class=\"btText\" ><div id=\"heroH1\">\n<h1>Latin America<br \/>\nCore Facilities<\/h1>\n<\/div>\n<\/div><div class=\"btClear btSeparator topSemiSpaced noBorder\" ><hr><\/div><\/div><\/div><div class=\"rowItem col-md-4 col-ms-12 btTextLeft inherit\"  data-width=\"4\"><div class=\"rowItemContent\" ><\/div><\/div><\/div><\/div><\/div><\/div><\/div><\/section><section id=\"bt_section69e732e7d6780\"  class=\"boldSection topSmallSpaced bottomExtraSmallSpaced gutter boxed inherit bigParagraph\" ><div class=\"port\"><div class=\"boldCell\"><div class=\"boldCellInner\"><div class=\"boldRow \" ><div class=\"boldRowInner\"><div class=\"rowItem col-md-8 col-ms-12 btTextLeft\"  data-width=\"8\"><div class=\"rowItemContent\" ><div class=\"btClear btSeparator topSemiSpaced noBorder\" ><hr><\/div><div class=\"btText\" >\r\n<h5>Al proporcionar una plataforma integral, LABI pretende conectar a investigadores, cient\u00edficos e instituciones con las facilities y las unidades de servicios de imaging que satisfagan sus necesidades espec\u00edficas. A trav\u00e9s de este hub centralizado, facilitamos el acceso a equipos de \u00faltima generaci\u00f3n, tecnolog\u00edas de punta y servicios de expertos disponibles en la regi\u00f3n.<\/h5>\r\n<h5>Alentamos a todas las facilities y unidades de servicios de im\u00e1genes de Am\u00e9rica Latina a registrarse en LABI<\/h5>\r\n<h5><\/h5>\r\n<\/div><div class=\"btClear btSeparator topSmallSpaced noBorder\" ><hr><\/div><\/div><\/div><div class=\"rowItem col-md-4 col-ms-12 btTextLeft\"  data-width=\"4\"><div class=\"rowItemContent\" ><\/div><\/div><\/div><\/div><\/div><\/div><\/div><\/section><section id=\"bt_section69e732e7d68ff\"  class=\"boldSection topSmallSpaced bottomSmallSpaced gutter boxed inherit\" style=\"background-color:rgba(255,255,255,0)  !important;\"><div class=\"port\"><div class=\"boldCell\"><div class=\"boldCellInner\"><div class=\"boldRow \" ><div class=\"boldRowInner\"><div class=\"rowItem col-md-12 col-ms-12  btTextCenter inherit\"  data-width=\"12\"><div class=\"rowItemContent\" ><a href=\"https:\/\/docs.google.com\/forms\/d\/140NZusQFN6cXp6Jamlof0fGSD5oysfLzVu_9lb5KNjs\/viewform?edit_requested=true\" class=\"btBtn btBtn btnFilledStyle btnAlternateColor btnMedium btnNormalWidth btnRightPosition btnNoIcon\"  target=\"_blank\"><span class=\"btnInnerText\">Register your core facility<\/span><\/a><\/div><\/div><\/div><\/div><\/div><\/div><\/div><\/section><section id=\"bt_section69e732e7d6a35\"  class=\"boldSection topSmallSpaced gutter boxed inherit\" style=\"background-color:rgb(239,239,239)  !important;\"><div class=\"port\"><div class=\"boldCell\"><div class=\"boldCellInner\"><div class=\"boldRow \" ><div class=\"boldRowInner\"><div class=\"rowItem col-md-12 col-ms-12  btTextCenter inherit\"  data-width=\"12\"><div class=\"rowItemContent\" ><div class=\"btText\" ><h5>Search core facilities in Latin America and register yours<\/h5>\n<\/div><\/div><\/div><\/div><\/div><\/div><\/div><\/div><\/section><section id=\"bt_section69e732e7d6b36\"  class=\"boldSection gutter boxed inherit\" style=\"background-color:rgb(239,239,239)  !important;\"><div class=\"port\"><div class=\"boldCell\"><div class=\"boldCellInner\"><div class=\"boldRow \" ><div class=\"boldRowInner\"><div class=\"rowItem col-md-12 col-ms-12  btTextCenter inherit\"  data-width=\"12\"><div class=\"rowItemContent\" ><div class=\"btText\" ><p><iframe loading=\"lazy\" style=\"border-style: none;\" src=\"https:\/\/www.google.com\/maps\/d\/embed?mid=1KFsXizSq2ruckgX0X5NDwsDoGZUMpsOe&amp;hl=en\" width=\"100%\" height=\"540\"><\/iframe><\/p>\n<\/div><\/div><\/div><\/div><\/div><\/div><\/div><\/div><\/section>","protected":false},"excerpt":{"rendered":"","protected":false},"author":1,"featured_media":0,"parent":0,"menu_order":0,"comment_status":"closed","ping_status":"closed","template":"","meta":{"footnotes":""},"_links":{"self":[{"href":"https:\/\/labi.lat\/es\/wp-json\/wp\/v2\/pages\/4090"}],"collection":[{"href":"https:\/\/labi.lat\/es\/wp-json\/wp\/v2\/pages"}],"about":[{"href":"https:\/\/labi.lat\/es\/wp-json\/wp\/v2\/types\/page"}],"author":[{"embeddable":true,"href":"https:\/\/labi.lat\/es\/wp-json\/wp\/v2\/users\/1"}],"replies":[{"embeddable":true,"href":"https:\/\/labi.lat\/es\/wp-json\/wp\/v2\/comments?post=4090"}],"version-history":[{"count":36,"href":"https:\/\/labi.lat\/es\/wp-json\/wp\/v2\/pages\/4090\/revisions"}],"predecessor-version":[{"id":5211,"href":"https:\/\/labi.lat\/es\/wp-json\/wp\/v2\/pages\/4090\/revisions\/5211"}],"wp:attachment":[{"href":"https:\/\/labi.lat\/es\/wp-json\/wp\/v2\/media?parent=4090"}],"curies":[{"name":"wp","href":"https:\/\/api.w.org\/{rel}","templated":true}]}}