
{"id":4599,"date":"2023-07-13T10:11:41","date_gmt":"2023-07-13T13:11:41","guid":{"rendered":"https:\/\/labi.lat\/?page_id=4599"},"modified":"2024-01-16T14:21:51","modified_gmt":"2024-01-16T17:21:51","slug":"jobs","status":"publish","type":"page","link":"https:\/\/labi.lat\/es\/jobs\/","title":{"rendered":"Jobs"},"content":{"rendered":"<section id=\"bt_section69ebbabdabec6\"  class=\"boldSection gutter boxed inherit\" ><div class=\"port\"><div class=\"boldCell\"><div class=\"boldCellInner\"><div class=\"boldRow \" ><div class=\"boldRowInner\"><div class=\"rowItem col-md-6 col-sm-12 btTextLeft\"  data-width=\"6\"><div class=\"rowItemContent\" ><div class=\"btText\" ><h5><\/h5>\n<h5>Los recursos de la Comunidad son fruto de una colaboraci\u00f3n con <a href=\"https:\/\/microscopydb.io\/\">MicroscopyDB<\/a><\/h5>\n<p>Microscopy DataBase es una base de datos de enlaces a sitios web y recursos en l\u00ednea relacionados con la microscop\u00eda. El objetivo de MicroscopyDB es facilitar la b\u00fasqueda y difusi\u00f3n de informaci\u00f3n relacionada con la microscop\u00eda.<\/p>\n<p>Gracias por visitar nuestra p\u00e1gina de ofertas de empleo. Para aquellos en b\u00fasqueda activa de empleo, recomendamos la <a href=\"https:\/\/elmi.embl.org\/category\/jobs\/\">plataforma de empleo ELMI<\/a>, <a href=\"https:\/\/www.microlist.org\/jobs\/\">Microlist Jobs<\/a>, y las listas de distribuci\u00f3n de <a href=\"https:\/\/lists.umn.edu\/cgi-bin\/wa?SUBED1=CONFOCALMICROSCOPY&amp;A=1\">Confocalmicroscopy<\/a> y <a href=\"http:\/\/www.microscopylistserver.com\/SbscrbeMicroscopy.html\">Microscopy<\/a> como recursos adicionales.<br \/>\nSi hay alg\u00fan error, por favor notif\u00edquelo a <a href=\"mailto:contact@microscopydb.io\">contact@microscopydb.io<\/a>.<\/p>\n<h5><\/h5>\n<h5><\/h5>\n<h5><\/h5>\n<\/div><\/div><\/div><div class=\"rowItem col-md-6 col-sm-12 btTextLeft\"  data-width=\"6\"><div class=\"rowItemContent\" ><div class=\"btText\" ><h6><\/h6>\n<h6>Publicar un trabajo<\/h6>\n<p>Si desea publicar una oferta laboral en esta p\u00e1gina, complete el siguiente formulario con la informaci\u00f3n de su oferta.<\/p>\n<p>Si desea incluirlo en nuestro bolet\u00edn, aseg\u00farese de <a href=\"https:\/\/docs.google.com\/forms\/d\/1M-7q8HPv0RCSlwp6_c_I8clNMpysbNaQc08XVVxygDk\/edit\">estar registrado como miembro de LABI<\/a> (\u00a1es gratis!).<\/p>\n<p><\/p>\n<p><\/p>\n<p><\/p>\n<\/div><a href=\"https:\/\/microscopydb.io\/add-a-microscopy-job\/\" class=\"btBtn btBtn btnFilledStyle btnAlternateColor btnMedium btnNormalWidth btnRightPosition btnNoIcon\"  target=\"_blank\"><span class=\"btnInnerText\">Publicar \/ Post a Job<\/span><\/a><\/div><\/div><\/div><\/div><div class=\"boldRow \" ><div class=\"boldRowInner\"><div class=\"rowItem col-md-12 col-ms-12  btTextLeft\"  data-width=\"12\"><div class=\"rowItemContent\" ><div class=\"btClear btSeparator topSpaced noBorder\" ><hr><\/div><div class=\"btText\" ><div class=\"job-postings-filters\">\n\t<div class=\"filter-column\">\n\t\t<label for=\"filter-jobType\">Tipo de trabajo<\/label>\n\t\t<select name=\"jobType\" id=\"filter-jobType\">\n\t\t\t<option value=\"\">Seleccione un tipo de trabajo<\/option>\n\t\t<\/select>\n\t<\/div>\n\t<div class=\"filter-column\">\n\t\t<label for=\"filter-location\">Ubicaci\u00f3n<\/label>\n\t\t<select name=\"location\" id=\"filter-location\">\n\t\t\t<option value=\"\">Seleccione una ubicaci\u00f3n<\/option>\n\t\t<\/select>\n\t<\/div>\n<\/div>\n<div class=\"job-postings job-list\"><\/div>\n<div class=\"loader-container\">\n\t<div class=\"custom-loader\"><\/div>\n<\/div>\n<script>\n\tconst _LEARN_MORE_LABEL = 'Aprende m\u00e1s'\n\tconst _DEADLINE_LABEL = 'Fecha l\u00edmite'\n<\/script><\/div><\/div><\/div><\/div><\/div><\/div><\/div><\/div><\/section>","protected":false},"excerpt":{"rendered":"","protected":false},"author":1,"featured_media":0,"parent":0,"menu_order":0,"comment_status":"closed","ping_status":"closed","template":"","meta":{"footnotes":""},"_links":{"self":[{"href":"https:\/\/labi.lat\/es\/wp-json\/wp\/v2\/pages\/4599"}],"collection":[{"href":"https:\/\/labi.lat\/es\/wp-json\/wp\/v2\/pages"}],"about":[{"href":"https:\/\/labi.lat\/es\/wp-json\/wp\/v2\/types\/page"}],"author":[{"embeddable":true,"href":"https:\/\/labi.lat\/es\/wp-json\/wp\/v2\/users\/1"}],"replies":[{"embeddable":true,"href":"https:\/\/labi.lat\/es\/wp-json\/wp\/v2\/comments?post=4599"}],"version-history":[{"count":6,"href":"https:\/\/labi.lat\/es\/wp-json\/wp\/v2\/pages\/4599\/revisions"}],"predecessor-version":[{"id":4801,"href":"https:\/\/labi.lat\/es\/wp-json\/wp\/v2\/pages\/4599\/revisions\/4801"}],"wp:attachment":[{"href":"https:\/\/labi.lat\/es\/wp-json\/wp\/v2\/media?parent=4599"}],"curies":[{"name":"wp","href":"https:\/\/api.w.org\/{rel}","templated":true}]}}