
{"id":2010,"date":"2016-10-19T13:41:03","date_gmt":"2016-10-19T13:41:03","guid":{"rendered":"http:\/\/industrial.bold-themes.com\/main-demo\/?page_id=2010"},"modified":"2025-07-14T12:21:23","modified_gmt":"2025-07-14T15:21:23","slug":"home","status":"publish","type":"page","link":"https:\/\/labi.lat\/pb\/","title":{"rendered":"Inicio"},"content":{"rendered":"<section id=\"hero\"  class=\"boldSection topSpaced bottomSemiSpaced btAccentColorBackground gutter boxed inherit wBackground cover wBackground cover btDarkSkin\" style=\"background-color:rgb(0,0,0)  !important;background-image:url('https:\/\/labi.lat\/wp-content\/uploads\/2023\/05\/Home-background.png');background-size: cover;\"><div class=\"port\"><div class=\"boldCell\"><div class=\"boldCellInner\"><div class=\"boldRow \" ><div class=\"boldRowInner\"><div class=\"rowItem col-md-8 col-ms-12 btTextLeft inherit\"  data-width=\"8\"><div class=\"rowItemContent\" ><div class=\"btText\" ><div id=\"heroH1\">\n<h1 style=\"top: 0px!important;\"><\/h1>\n<p>Latin America<br \/>\nBioimaging<\/p>\n<\/div>\n<\/div><div class=\"btText\" ><\/div><div class=\"btClear btSeparator topSemiSpaced noBorder\" ><hr><\/div><\/div><\/div><div class=\"rowItem col-md-4 col-ms-12 btTextLeft inherit\"  data-width=\"4\"><div class=\"rowItemContent\" ><\/div><\/div><\/div><\/div><\/div><\/div><\/div><\/section><section id=\"bt_section69eb8f758c464\"  class=\"boldSection gutter boxed inherit\" style=\"background-color:rgb(255,249,240)  !important;\"><div class=\"port\"><div class=\"boldCell\"><div class=\"boldCellInner\"><div class=\"boldRow \" ><div class=\"boldRowInner\"><div class=\"rowItem col-md-9 col-ms-12  btTextLeft animate animate-fadein inherit\"  data-width=\"9\"><div class=\"rowItemContent\" ><div class=\"btClear btSeparator topSemiSpaced noBorder\" ><hr><\/div><div class=\"btClear btSeparator topSemiSpaced noBorder\" ><hr><\/div><\/div><\/div><div class=\"rowItem col-md-3 col-sm-6 col-ms-12 btTextLeft\"  data-width=\"3\"><div class=\"rowItemContent\" ><\/div><\/div><\/div><\/div><div class=\"boldRow \" ><div class=\"boldRowInner\"><div class=\"rowItem col-md-4 col-ms-12 btTextLeft\"  data-width=\"4\"><div class=\"rowItemContent\" ><\/div><\/div><div class=\"rowItem col-md-4 col-ms-12 btTextCenter animate animate-fadein inherit\"  data-width=\"4\"><div class=\"rowItemContent\" ><div class=\"btText\" ><h2 class=\"tit-1\"><\/h2>\n<\/div><div class=\"btClear btSeparator topSmallSpaced noBorder\" ><hr><\/div><\/div><\/div><div class=\"rowItem col-md-4 col-ms-12 btTextLeft\"  data-width=\"4\"><div class=\"rowItemContent\" ><\/div><\/div><\/div><\/div><div class=\"boldRow \" ><div class=\"boldRowInner\"><div class=\"rowItem col-md-12 col-ms-12  btTextLeft\"  data-width=\"12\"><div class=\"rowItemContent\" ><div class=\"btClear btSeparator topSmallSpaced bottomSmallSpaced noBorder\" ><hr><\/div><div class=\"btLatestPostsContainer horizontalPosts cyg--blog\" >\n\t\t\t\t<div class=\"btSingleLatestPost col-md-3 col-ms-12  inherit\"><div class=\"btSingleLatestPostImage btTextCenter\"><div class=\"bpgPhoto cyg--blog btZoomInHoverType\" > \r\n\t\t\t\t\t<a href=\"https:\/\/labi.lat\/pb\/2026\/03\/20\/cfmo-may-2026\/\" target=\"_self\" title=\"\"><\/a>\r\n\t\t\t\t\t<div class=\"boldPhotoBox\"><div class=\"bpbItem\"><div class = \"btImage\"><img src=\"https:\/\/labi.lat\/wp-content\/uploads\/2026\/03\/CFMO-Mont-2026-Redes-banner-form-web-2-640x480.png\" alt=\"\" title=\"\"><\/div><\/div><\/div>\r\n\t\t\t\t\t<div class=\"captionPane btDarkSkin btTextCenter\">\r\n\t\t\t\t\t\t<div class=\"captionTable\">\r\n\t\t\t\t\t\t\t<div class=\"captionCell\">\r\n\t\t\t\t\t\t\t\t<div class=\"captionTxt\"><\/div>\r\n\t\t\t\t\t\t\t<\/div>\r\n\t\t\t\t\t\t<\/div>\r\n\t\t\t\t\t<\/div><\/div><\/div><div class = \"btSingleLatestPostContent\">\n\t\t\t\t\t\t<header class=\"header btClear small\" ><div class=\"dash\"><h4><span class=\"headline\"><a href=\"https:\/\/labi.lat\/pb\/2026\/03\/20\/cfmo-may-2026\/\" target=\"_self\">(Espa\u00f1ol) CFMO mayo 2026<\/a><\/span><\/h4><\/div><\/header>\n\t\t\t\t<p class=\"btLatestPostContent\">Desculpe-nos, mas este texto est\u00e1 apenas dispon\u00edvel em Espanhol Europeu y Ingl\u00eas Americano.<\/p>\n\t\t\t\t\t<\/div>\n\t\t\t\t<\/div>\n\t\t\t\t<div class=\"btSingleLatestPost col-md-3 col-ms-12  inherit\"><div class=\"btSingleLatestPostImage btTextCenter\"><div class=\"bpgPhoto cyg--blog btZoomInHoverType\" > \r\n\t\t\t\t\t<a href=\"https:\/\/labi.lat\/pb\/2026\/02\/03\/labi-meeting-2025-report\/\" target=\"_self\" title=\"\"><\/a>\r\n\t\t\t\t\t<div class=\"boldPhotoBox\"><div class=\"bpbItem\"><div class = \"btImage\"><img src=\"https:\/\/labi.lat\/wp-content\/uploads\/2026\/02\/LABI-Meeting-2025-reportweb-640x480.png\" alt=\"\" title=\"\"><\/div><\/div><\/div>\r\n\t\t\t\t\t<div class=\"captionPane btDarkSkin btTextCenter\">\r\n\t\t\t\t\t\t<div class=\"captionTable\">\r\n\t\t\t\t\t\t\t<div class=\"captionCell\">\r\n\t\t\t\t\t\t\t\t<div class=\"captionTxt\"><\/div>\r\n\t\t\t\t\t\t\t<\/div>\r\n\t\t\t\t\t\t<\/div>\r\n\t\t\t\t\t<\/div><\/div><\/div><div class = \"btSingleLatestPostContent\">\n\t\t\t\t\t\t<header class=\"header btClear small\" ><div class=\"dash\"><h4><span class=\"headline\"><a href=\"https:\/\/labi.lat\/pb\/2026\/02\/03\/labi-meeting-2025-report\/\" target=\"_self\">(Espa\u00f1ol) LABI Meeting 2025 Report<\/a><\/span><\/h4><\/div><\/header>\n\t\t\t\t<p class=\"btLatestPostContent\">Desculpe-nos, mas este texto est\u00e1 apenas dispon\u00edvel em Espanhol Europeu y Ingl\u00eas Americano.<\/p>\n\t\t\t\t\t<\/div>\n\t\t\t\t<\/div>\n\t\t\t\t<div class=\"btSingleLatestPost col-md-3 col-ms-12  inherit\"><div class=\"btSingleLatestPostImage btTextCenter\"><div class=\"bpgPhoto cyg--blog btZoomInHoverType\" > \r\n\t\t\t\t\t<a href=\"https:\/\/labi.lat\/pb\/2025\/11\/21\/on-demand-microscopy-in-practice-behind-the-scenes-experiences-in-bioimaging\/\" target=\"_self\" title=\"\"><\/a>\r\n\t\t\t\t\t<div class=\"boldPhotoBox\"><div class=\"bpbItem\"><div class = \"btImage\"><img src=\"https:\/\/labi.lat\/wp-content\/uploads\/2025\/11\/LABI-IdEM-BannerWeb-27-11-04-12-2025-ESP-640x480.png\" alt=\"\" title=\"\"><\/div><\/div><\/div>\r\n\t\t\t\t\t<div class=\"captionPane btDarkSkin btTextCenter\">\r\n\t\t\t\t\t\t<div class=\"captionTable\">\r\n\t\t\t\t\t\t\t<div class=\"captionCell\">\r\n\t\t\t\t\t\t\t\t<div class=\"captionTxt\"><\/div>\r\n\t\t\t\t\t\t\t<\/div>\r\n\t\t\t\t\t\t<\/div>\r\n\t\t\t\t\t<\/div><\/div><\/div><div class = \"btSingleLatestPostContent\">\n\t\t\t\t\t\t<header class=\"header btClear small\" ><div class=\"dash\"><h4><span class=\"headline\"><a href=\"https:\/\/labi.lat\/pb\/2025\/11\/21\/on-demand-microscopy-in-practice-behind-the-scenes-experiences-in-bioimaging\/\" target=\"_self\">(Espa\u00f1ol) On Demand | Microscop\u00eda en pr\u00e1ctica | Experiencias detr\u00e1s de escena en Bioimaging<\/a><\/span><\/h4><\/div><\/header>\n\t\t\t\t<p class=\"btLatestPostContent\">Desculpe-nos, mas este texto est\u00e1 apenas dispon\u00edvel em Espanhol Europeu y Ingl\u00eas Americano.<\/p>\n\t\t\t\t\t<\/div>\n\t\t\t\t<\/div>\n\t\t\t\t<div class=\"btSingleLatestPost col-md-3 col-ms-12  inherit\"><div class=\"btSingleLatestPostImage btTextCenter\"><div class=\"bpgPhoto cyg--blog btZoomInHoverType\" > \r\n\t\t\t\t\t<a href=\"https:\/\/labi.lat\/pb\/2025\/11\/20\/labi-meeting-2025-three-days-strengthening-latin-americas-bioimaging-community\/\" target=\"_self\" title=\"\"><\/a>\r\n\t\t\t\t\t<div class=\"boldPhotoBox\"><div class=\"bpbItem\"><div class = \"btImage\"><img src=\"https:\/\/labi.lat\/wp-content\/uploads\/2025\/11\/1763056920003-640x480.jpeg\" alt=\"\" title=\"\"><\/div><\/div><\/div>\r\n\t\t\t\t\t<div class=\"captionPane btDarkSkin btTextCenter\">\r\n\t\t\t\t\t\t<div class=\"captionTable\">\r\n\t\t\t\t\t\t\t<div class=\"captionCell\">\r\n\t\t\t\t\t\t\t\t<div class=\"captionTxt\"><\/div>\r\n\t\t\t\t\t\t\t<\/div>\r\n\t\t\t\t\t\t<\/div>\r\n\t\t\t\t\t<\/div><\/div><\/div><div class = \"btSingleLatestPostContent\">\n\t\t\t\t\t\t<header class=\"header btClear small\" ><div class=\"dash\"><h4><span class=\"headline\"><a href=\"https:\/\/labi.lat\/pb\/2025\/11\/20\/labi-meeting-2025-three-days-strengthening-latin-americas-bioimaging-community\/\" target=\"_self\">(Espa\u00f1ol) LABI Meeting 2025: Tres d\u00edas fortaleciendo la comunidad de bioimagen en Am\u00e9rica Latina<\/a><\/span><\/h4><\/div><\/header>\n\t\t\t\t<p class=\"btLatestPostContent\">Desculpe-nos, mas este texto est\u00e1 apenas dispon\u00edvel em Espanhol Europeu y Ingl\u00eas Americano.<\/p>\n\t\t\t\t\t<\/div>\n\t\t\t\t<\/div><\/div><div class=\"btClear btSeparator topSemiSpaced noBorder\" ><hr><\/div><\/div><\/div><\/div><\/div><\/div><\/div><\/div><\/section><section id=\"bt_section69eb8f7590a91\"  class=\"boldSection topSpaced bottomSemiSpaced btDarkSkin gutter boxed inherit wBackground cover wBackground cover\" style=\"background-image:url('https:\/\/labi.lat\/wp-content\/uploads\/2023\/05\/banner-background_Resources.png');\"><div class=\"port\"><div class=\"boldCell\"><div class=\"boldCellInner\"><div class=\"boldRow cyg--bg-fix\" ><div class=\"boldRowInner\"><div class=\"rowItem col-md-6 col-sm-12 btTextLeft animate animate-fadein inherit\"  data-width=\"6\"><div class=\"rowItemContent\" ><div class=\"btText\" ><p><a class=\"cyg--mas\" href=\"https:\/\/labi.lat\/activities\/resources\/\"><\/a><\/p>\n<h2 class=\"tit-2\"><\/h2>\n<\/div><div class=\"btClear btSeparator topSmallSpaced noBorder\" ><hr><\/div><div class=\"btText\" ><\/div><\/div><\/div><div class=\"rowItem col-md-6 col-sm-12 btTextLeft animate animate-fadein inherit\"  data-width=\"6\"><div class=\"rowItemContent\" ><\/div><\/div><\/div><\/div><\/div><\/div><\/div><\/section><section id=\"bt_section69eb8f7590cc5\"  class=\"boldSection gutter boxed inherit\" style=\"background-color:rgb(255,249,240)  !important;\"><div class=\"port\"><div class=\"boldCell\"><div class=\"boldCellInner\"><div class=\"boldRow \" ><div class=\"boldRowInner\"><div class=\"rowItem col-md-12 col-ms-12  btTextLeft\"  data-width=\"12\"><div class=\"rowItemContent\" ><div class=\"btClear btSeparator topSpaced noBorder\" ><hr><\/div><\/div><\/div><\/div><\/div><div class=\"boldRow sec--community\" ><div class=\"boldRowInner\"><div class=\"rowItem col-md-6 col-sm-12 btTextLeft\"  data-width=\"6\"><div class=\"rowItemContent\" ><div class=\"btText\" ><h3><\/h3>\n<\/div><div class=\"btClear btSeparator bottomSpaced noBorder\" ><hr><\/div><div class=\"btText\" ><p><a class=\"btn-custom\" href=\"https:\/\/docs.google.com\/forms\/d\/1M-7q8HPv0RCSlwp6_c_I8clNMpysbNaQc08XVVxygDk\/edit\" target=\"_blank\" rel=\"noopener\"><\/a><\/p>\n<\/div><div class=\"btClear btSeparator topSmallSpaced bottomSpaced noBorder\" ><hr><\/div><\/div><\/div><div class=\"rowItem col-md-6 col-sm-12 btTextLeft\"  data-width=\"6\"><div class=\"rowItemContent\" ><div class=\"bpgPhoto btDefaultHoverType\" ><div class = \"btImage\"><img src=\"https:\/\/labi.lat\/wp-content\/uploads\/2024\/09\/LABI-Meeting-2024-scaled.jpeg\" alt=\"\" title=\"\"><\/div><\/div><\/div><\/div><\/div><\/div><div class=\"boldRow \" ><div class=\"boldRowInner\"><div class=\"rowItem col-md-12 col-ms-12  btTextLeft\"  data-width=\"12\"><div class=\"rowItemContent\" ><div class=\"btClear btSeparator topSemiSpaced bottomSemiSpaced border\"  style=\"border-top: solid 6px #FDB933!important;\"><hr><\/div><\/div><\/div><\/div><\/div><\/div><\/div><\/div><\/section><section id=\"bt_section69eb8f7591218\"  class=\"boldSection topSmallSpaced gutter boxed inherit\" style=\"background-color:rgb(255,249,240)  !important;\"><div class=\"port\"><div class=\"boldCell\"><div class=\"boldCellInner\"><div class=\"boldRow sec--news\" ><div class=\"boldRowInner\"><div class=\"rowItem col-md-6 col-sm-12 btTextLeft\"  data-width=\"6\"><div class=\"rowItemContent\" ><div class=\"bpgPhoto btDefaultHoverType\" ><div class = \"btImage\"><img src=\"https:\/\/labi.lat\/wp-content\/uploads\/2023\/05\/join-news.png\" alt=\"JOIN OUR NEWSLETTER\" title=\"\"><\/div><\/div><div class=\"btClear btSeparator noBorder\" ><hr><\/div><\/div><\/div><div class=\"rowItem col-md-6 col-sm-12 btTextRight inherit changeTop\"  data-width=\"6\"><div class=\"rowItemContent\" ><div class=\"btText\" ><h3><\/h3>\n<\/div><div class=\"btClear btSeparator bottomSpaced noBorder\" ><hr><\/div><div class=\"btText\" ><p><a class=\"btn-custom\" href=\"https:\/\/latambioimaging.us1.list-manage.com\/subscribe?u=72248539ecb0f309b89af59dc&amp;id=18d7efa1f9\" target=\"_blank\" rel=\"noopener\"><\/a><\/p>\n<\/div><div class=\"btClear btSeparator topSmallSpaced bottomSpaced noBorder\" ><hr><\/div><\/div><\/div><\/div><\/div><div class=\"boldRow \" ><div class=\"boldRowInner\"><div class=\"rowItem col-md-12 col-ms-12  btTextLeft\"  data-width=\"12\"><div class=\"rowItemContent\" ><div class=\"btClear btSeparator topLargeSpaced bottomSpaced border\"  style=\"border-top: solid 6px #FDB933!important;\"><hr><\/div><\/div><\/div><\/div><\/div><\/div><\/div><\/div><\/section><section id=\"bt_section69eb8f7591810\"  class=\"boldSection topSpaced bottomSemiSpaced btDarkSkin gutter boxed inherit wBackground cover wBackground cover\" style=\"background-image:url('https:\/\/labi.lat\/wp-content\/uploads\/2023\/05\/banner-background_core-facilities.png');\"><div class=\"port\"><div class=\"boldCell\"><div class=\"boldCellInner\"><div class=\"boldRow \" ><div class=\"boldRowInner\"><div class=\"rowItem col-md-6 col-sm-12 btTextLeft animate animate-fadein inherit\"  data-width=\"6\"><div class=\"rowItemContent\" ><div class=\"btText\" ><p><a class=\"cyg--mas\" href=\"https:\/\/labi.lat\/core-facilities\/\"><\/a><\/p>\n<h2 class=\"tit-2\"><\/h2>\n<\/div><div class=\"btClear btSeparator bottomSmallSpaced noBorder\" ><hr><\/div><div class=\"btText\" ><\/div><div class=\"btClear btSeparator topSemiSpaced noBorder\" ><hr><\/div><div class=\"btText\" ><p><a class=\"btn-custom\" href=\"https:\/\/docs.google.com\/forms\/d\/140NZusQFN6cXp6Jamlof0fGSD5oysfLzVu_9lb5KNjs\/viewform?edit_requested=true&amp;fbzx=3492220472087309278\" target=\"_blank\" rel=\"noopener\"><\/a><\/p>\n<\/div><\/div><\/div><div class=\"rowItem col-md-6 col-sm-12 btTextLeft animate animate-fadein inherit\"  data-width=\"6\"><div class=\"rowItemContent\" ><\/div><\/div><\/div><\/div><\/div><\/div><\/div><\/section><section id=\"bt_section69eb8f7591a52\"  class=\"boldSection gutter boxed inherit\" style=\"background-color:rgb(255,249,240)  !important;\"><div class=\"port\"><div class=\"boldCell\"><div class=\"boldCellInner\"><div class=\"boldRow \" ><div class=\"boldRowInner\"><div class=\"rowItem col-md-6 col-sm-12 btTextCenter btMiddleVertical\"  data-width=\"6\"><div class=\"rowItemContent\" ><div class=\"btClear btSeparator bottomSpaced noBorder\" ><hr><\/div><div class=\"btText\" ><h4 style=\"color: #652c90;\"><\/h4>\n<\/div><div class=\"btClear btSeparator bottomSpaced noBorder\" ><hr><\/div><\/div><\/div><div class=\"rowItem col-md-6 col-sm-12 btTextRight inherit\"  data-width=\"6\"><div class=\"rowItemContent\" ><div class=\"btText\" ><p><a class=\"twitter-timeline\" href=\"https:\/\/twitter.com\/LatamBioimaging?ref_src=twsrc%5Etfw\" data-width=\"410\" data-height=\"380\">Tweets by LatamBioimaging<\/a> <script async src=\"https:\/\/platform.twitter.com\/widgets.js\" charset=\"utf-8\"><\/script><\/p>\n<\/div><\/div><\/div><\/div><\/div><\/div><\/div><\/div><\/section>","protected":false},"excerpt":{"rendered":"","protected":false},"author":1,"featured_media":0,"parent":0,"menu_order":0,"comment_status":"closed","ping_status":"closed","template":"","meta":{"footnotes":""},"_links":{"self":[{"href":"https:\/\/labi.lat\/pb\/wp-json\/wp\/v2\/pages\/2010"}],"collection":[{"href":"https:\/\/labi.lat\/pb\/wp-json\/wp\/v2\/pages"}],"about":[{"href":"https:\/\/labi.lat\/pb\/wp-json\/wp\/v2\/types\/page"}],"author":[{"embeddable":true,"href":"https:\/\/labi.lat\/pb\/wp-json\/wp\/v2\/users\/1"}],"replies":[{"embeddable":true,"href":"https:\/\/labi.lat\/pb\/wp-json\/wp\/v2\/comments?post=2010"}],"version-history":[{"count":236,"href":"https:\/\/labi.lat\/pb\/wp-json\/wp\/v2\/pages\/2010\/revisions"}],"predecessor-version":[{"id":5185,"href":"https:\/\/labi.lat\/pb\/wp-json\/wp\/v2\/pages\/2010\/revisions\/5185"}],"wp:attachment":[{"href":"https:\/\/labi.lat\/pb\/wp-json\/wp\/v2\/media?parent=2010"}],"curies":[{"name":"wp","href":"https:\/\/api.w.org\/{rel}","templated":true}]}}