
{"id":3880,"date":"2023-06-07T15:14:02","date_gmt":"2023-06-07T18:14:02","guid":{"rendered":"https:\/\/labi.lat\/?page_id=3880"},"modified":"2025-03-25T11:49:49","modified_gmt":"2025-03-25T14:49:49","slug":"working-groups","status":"publish","type":"page","link":"https:\/\/labi.lat\/pb\/working-groups\/","title":{"rendered":"Working Groups"},"content":{"rendered":"<section id=\"hero\"  class=\"boldSection topSpaced bottomSpaced btAccentColorBackground gutter boxed inherit wBackground cover wBackground cover btDarkSkin\" style=\"background-color:rgb(0,0,0)  !important;background-image:url('https:\/\/labi.lat\/wp-content\/uploads\/2023\/06\/banner-background_working-groups.png');background-size: cover;\"><div class=\"port\"><div class=\"boldCell\"><div class=\"boldCellInner\"><div class=\"boldRow \" ><div class=\"boldRowInner\"><div class=\"rowItem col-md-8 col-ms-12 btTextLeft inherit\"  data-width=\"8\"><div class=\"rowItemContent\" ><div class=\"btText\" ><div id=\"heroH1\">\n<h1>Working Groups<\/h1>\n<\/div>\n<\/div><div class=\"btClear btSeparator topSemiSpaced noBorder\" ><hr><\/div><\/div><\/div><div class=\"rowItem col-md-4 col-ms-12 btTextLeft inherit\"  data-width=\"4\"><div class=\"rowItemContent\" ><\/div><\/div><\/div><\/div><\/div><\/div><\/div><\/section><section id=\"bt_section69e603f40708a\"  class=\"boldSection topSmallSpaced bottomExtraSmallSpaced gutter boxed inherit bigParagraph\" ><div class=\"port\"><div class=\"boldCell\"><div class=\"boldCellInner\"><div class=\"boldRow \" ><div class=\"boldRowInner\"><div class=\"rowItem col-md-8 col-ms-12 btTextLeft\"  data-width=\"8\"><div class=\"rowItemContent\" ><div class=\"btClear btSeparator topSemiSpaced noBorder\" ><hr><\/div><div class=\"btText\" >\r\n\r\n\r\n<\/div><div class=\"btClear btSeparator topSemiSpaced noBorder\" ><hr><\/div><\/div><\/div><div class=\"rowItem col-md-4 col-ms-12 btTextLeft\"  data-width=\"4\"><div class=\"rowItemContent\" ><\/div><\/div><\/div><\/div><\/div><\/div><\/div><\/section><section id=\"bt_section69e603f4071a9\"  class=\"boldSection btMiddleVertical cyg--inner\" ><div class=\"port\"><div class=\"boldCell\"><div class=\"boldCellInner\"><div class=\"boldRow \" ><div class=\"boldRowInner\"><div class=\"rowItem col-md-12 col-ms-12  btTextLeft inherit newModuleHeader\" style=\"background-color:rgb(101,44,144);\" data-width=\"12\"><div class=\"rowItemContent\" ><div class=\"bpgPhoto btDefaultHoverType moduleIcon\" ><div class = \"btImage\"><img src=\"\" alt=\"\" title=\"\"><\/div><\/div><div class=\"btText\" >\r\n\r\n<\/div><\/div><\/div><\/div><\/div><\/div><\/div><\/div><\/section><section id=\"bt_section69e603f4072f9\"  class=\"boldSection gutter \" ><div class=\"port\"><div class=\"boldCell\"><div class=\"boldCellInner\"><div class=\"boldRow \" ><div class=\"boldRowInner\"><div class=\"rowItem col-md-8 col-ms-12 btTextLeft inherit btDoublePadding customParagraph\"  data-width=\"8\"><div class=\"rowItemContent\" ><div class=\"btText\" >\r\n\r\n<\/div><div class=\"btClear btSeparator bottomSmallSpaced noBorder\" ><hr><\/div><div class=\"btClear btSeparator bottomSmallSpaced noBorder\" ><hr><\/div><\/div><\/div><div class=\"rowItem col-md-4 col-ms-12 btTextLeft\"  data-width=\"4\"><div class=\"rowItemContent\" ><div class=\"btTabs tabsVertical\"><ul class=\"tabsHeader\"><li><span>Latin America Light Microscopy Course 2024<\/span><\/li><li><span>Mapping Bioimaging Training and Education Programs in Latin America<\/span><\/li><\/ul><div class=\"tabPanes accordionPanes\"><div class=\"tabPane\">\n\t\t\t<div class=\"tabAccordionTitle\"><span>Latin America Light Microscopy Course 2024<\/span><\/div>\n\t\t\t<div class=\"tabAccordionContent\"><div class=\"btText\" ><p><a href=\"https:\/\/labi.lat\/es\/2024\/02\/27\/latin-america-light-microscopy-course\/\"> <\/a><\/p>\n<\/div><\/div>\n\t\t<\/div><div class=\"tabPane\">\n\t\t\t<div class=\"tabAccordionTitle\"><span>Mapping Bioimaging Training and Education Programs in Latin America<\/span><\/div>\n\t\t\t<div class=\"tabAccordionContent\"><div class=\"btText\" ><p> <\/a><\/p>\n<\/div><\/div>\n\t\t<\/div><\/div><\/div><\/div><\/div><\/div><\/div><div class=\"boldRow \" ><div class=\"boldRowInner\"><div class=\"rowItem col-md-12 col-ms-12  btTextLeft\"  data-width=\"12\"><div class=\"rowItemContent\" ><\/div><\/div><\/div><\/div><div class=\"boldRow \" ><div class=\"boldRowInner\"><div class=\"rowItem col-md-8 col-ms-12 btTextLeft inherit btDoublePadding customParagraph\"  data-width=\"8\"><div class=\"rowItemContent\" ><div class=\"btText\" ><p><br \/>\n<br \/>\n<br \/>\n<strong>Andr\u00e9s Rossi<\/strong> | <span class=\"OYPEnA font-feature-liga-off font-feature-clig-off font-feature-calt-off text-decoration-none text-strikethrough-none\">Unidad de Microscop\u00eda, Instituto Leloir, Argentina<br \/>\n<\/span><strong>Marcela D\u00edaz<\/strong> | <span class=\"OYPEnA font-feature-liga-off font-feature-clig-off font-feature-calt-off text-decoration-none text-strikethrough-none\">Unidad de Bioimagenolog\u00eda Avanzada, IPMon, Uruguay<\/span><br \/>\n<strong>Victoria Repetto<\/strong> | <span class=\"OYPEnA font-feature-liga-off font-feature-clig-off font-feature-calt-off text-decoration-none text-strikethrough-none\">Centro de Microscop\u00eda Weber, UBA, Argentina<br \/>\n<\/span><span class=\"OYPEnA font-feature-liga-off font-feature-clig-off font-feature-calt-off text-decoration-none text-strikethrough-none\"><strong>Ivan Rey<\/strong> | <\/span><span class=\"OYPEnA font-feature-liga-off font-feature-clig-off font-feature-calt-off text-decoration-none text-strikethrough-none\">MicroCore, Universidad de los Andes, Colomba<\/span><\/p>\n<p><span class=\"OYPEnA font-feature-liga-off font-feature-clig-off font-feature-calt-off text-decoration-none text-strikethrough-none\">\u00a0<\/span><\/p>\n<\/div><div class=\"btClear btSeparator bottomSmallSpaced noBorder\" ><hr><\/div><div class=\"btClear btSeparator bottomSmallSpaced noBorder\" ><hr><\/div><\/div><\/div><div class=\"rowItem col-md-4 col-ms-12 btTextLeft\"  data-width=\"4\"><div class=\"rowItemContent\" ><\/div><\/div><\/div><\/div><\/div><\/div><\/div><\/section><section id=\"bt_section69e603f4079d5\"  class=\"boldSection btMiddleVertical cyg--inner\" ><div class=\"port\"><div class=\"boldCell\"><div class=\"boldCellInner\"><div class=\"boldRow \" ><div class=\"boldRowInner\"><div class=\"rowItem col-md-12 col-ms-12  btTextLeft inherit newModuleHeader\" style=\"background-color:rgb(101,44,144);\" data-width=\"12\"><div class=\"rowItemContent\" ><div class=\"bpgPhoto btDefaultHoverType moduleIcon\" ><div class = \"btImage\"><img src=\"\" alt=\"\" title=\"\"><\/div><\/div><div class=\"btText\" >\r\n\r\n<\/div><\/div><\/div><\/div><\/div><\/div><\/div><\/div><\/section><section id=\"bt_section69e603f407b0a\"  class=\"boldSection gutter boxed inherit\" ><div class=\"port\"><div class=\"boldCell\"><div class=\"boldCellInner\"><div class=\"boldRow \" ><div class=\"boldRowInner\"><div class=\"rowItem col-md-8 col-ms-12 btTextLeft inherit btDoublePadding customParagraph\"  data-width=\"8\"><div class=\"rowItemContent\" ><div class=\"btText\" >\r\n\r\n<\/li>\r\n<\/ul>\r\n<\/div><div class=\"btClear btSeparator bottomSmallSpaced noBorder\" ><hr><\/div><div class=\"btClear btSeparator bottomSmallSpaced noBorder\" ><hr><\/div><div class=\"btText\" ><p><br \/>\n<br \/>\n<br \/>\n<strong>Mariana De Niz<\/strong> | <span class=\"OYPEnA font-feature-liga-off font-feature-clig-off font-feature-calt-off text-decoration-none text-strikethrough-none\">Nikon Imaging Center, Northwestern University<\/span><br \/>\n<strong>Hernan Grecco<\/strong> | <span class=\"OYPEnA font-feature-liga-off font-feature-clig-off font-feature-calt-off text-decoration-none text-strikethrough-none\">Departamento de F\u00edsica, UBA, Argentina<\/span><br \/>\n<strong>Licyel Lenny<\/strong> | <span class=\"OYPEnA font-feature-liga-off font-feature-clig-off font-feature-calt-off text-decoration-none text-strikethrough-none\">Cambridge University, <\/span><span class=\"OYPEnA font-feature-liga-off font-feature-clig-off font-feature-calt-off text-decoration-none text-strikethrough-none\">UK<br \/>\n<\/span><span class=\"OYPEnA font-feature-liga-off font-feature-clig-off font-feature-calt-off text-decoration-none text-strikethrough-none\"><strong>Haydee Hernandez<\/strong> | Laboratorio Nacional de Microscop\u00eda Avanzada, UNAM, M\u00e9xico<\/span><\/p>\n<\/div><div class=\"btClear btSeparator bottomSmallSpaced noBorder\" ><hr><\/div><div class=\"btClear btSeparator bottomSmallSpaced noBorder\" ><hr><\/div><\/div><\/div><div class=\"rowItem col-md-4 col-ms-12 btTextLeft\"  data-width=\"4\"><div class=\"rowItemContent\" ><\/div><\/div><\/div><\/div><\/div><\/div><\/div><\/section><section id=\"bt_section69e603f407eab\"  class=\"boldSection btMiddleVertical cyg--inner\" ><div class=\"port\"><div class=\"boldCell\"><div class=\"boldCellInner\"><div class=\"boldRow \" ><div class=\"boldRowInner\"><div class=\"rowItem col-md-12 col-ms-12  btTextLeft inherit newModuleHeader\" style=\"background-color:rgb(101,44,144);\" data-width=\"12\"><div class=\"rowItemContent\" ><div class=\"bpgPhoto btDefaultHoverType moduleIcon\" ><div class = \"btImage\"><img src=\"\" alt=\"\" title=\"\"><\/div><\/div><div class=\"btText\" >\r\n\r\n<\/div><\/div><\/div><\/div><\/div><\/div><\/div><\/div><\/section><section id=\"bt_section69e603f407fd2\"  class=\"boldSection gutter \" ><div class=\"port\"><div class=\"boldCell\"><div class=\"boldCellInner\"><div class=\"boldRow \" ><div class=\"boldRowInner\"><div class=\"rowItem col-md-8 col-ms-12 btTextLeft inherit btDoublePadding customParagraph\"  data-width=\"8\"><div class=\"rowItemContent\" ><div class=\"btText\" >\r\n\r\n<\/div><div class=\"btClear btSeparator bottomSmallSpaced noBorder\" ><hr><\/div><div class=\"btClear btSeparator bottomSmallSpaced noBorder\" ><hr><\/div><\/div><\/div><div class=\"rowItem col-md-4 col-ms-12 btTextLeft\"  data-width=\"4\"><div class=\"rowItemContent\" ><\/div><\/div><\/div><\/div><div class=\"boldRow \" ><div class=\"boldRowInner\"><div class=\"rowItem col-md-12 col-ms-12  btTextLeft\"  data-width=\"12\"><div class=\"rowItemContent\" ><\/div><\/div><\/div><\/div><div class=\"boldRow \" ><div class=\"boldRowInner\"><div class=\"rowItem col-md-8 col-ms-12 btTextLeft inherit btDoublePadding customParagraph\"  data-width=\"8\"><div class=\"rowItemContent\" ><div class=\"btText\" ><p><br \/>\n<br \/>\n<br \/>\n<strong><span class=\"OYPEnA font-feature-liga-off font-feature-clig-off font-feature-calt-off text-decoration-none text-strikethrough-none\">Ad\u00e1n Guerrero<\/span><\/strong> | <span class=\"OYPEnA font-feature-liga-off font-feature-clig-off font-feature-calt-off text-decoration-none text-strikethrough-none\">LNMA, M\u00e9xico<\/span><span class=\"OYPEnA font-feature-liga-off font-feature-clig-off font-feature-calt-off text-decoration-none text-strikethrough-none\"><br \/>\n<\/span><strong><span class=\"OYPEnA font-feature-liga-off font-feature-clig-off font-feature-calt-off text-decoration-none text-strikethrough-none\">Federico Lecumberry<\/span><\/strong> | <span class=\"OYPEnA font-feature-liga-off font-feature-clig-off font-feature-calt-off text-decoration-none text-strikethrough-none\">Facultad de Ingenier\u00eda, Udelar, Uruguay<br \/>\n<\/span><span class=\"OYPEnA font-feature-liga-off font-feature-clig-off font-feature-calt-off text-decoration-none text-strikethrough-none\"><strong>Pa\u00fal Hernadez<\/strong> LABI Hub Leader &#8211; The Catalyst Project | <\/span><span class=\"OYPEnA font-feature-liga-off font-feature-clig-off font-feature-calt-off text-decoration-none text-strikethrough-none\">Universidad Aut\u00f3noma de San Luis Potos\u00ed, M\u00e9xico<\/span><\/p>\n<p><span class=\"OYPEnA font-feature-liga-off font-feature-clig-off font-feature-calt-off text-decoration-none text-strikethrough-none\">\u00a0<\/span><\/p>\n<\/div><div class=\"btClear btSeparator bottomSmallSpaced noBorder\" ><hr><\/div><div class=\"btClear btSeparator bottomSmallSpaced noBorder\" ><hr><\/div><\/div><\/div><div class=\"rowItem col-md-4 col-ms-12 btTextLeft\"  data-width=\"4\"><div class=\"rowItemContent\" ><\/div><\/div><\/div><\/div><\/div><\/div><\/div><\/section><section id=\"bt_section69e603f408451\"  class=\"boldSection btMiddleVertical cyg--inner\" ><div class=\"port\"><div class=\"boldCell\"><div class=\"boldCellInner\"><div class=\"boldRow \" ><div class=\"boldRowInner\"><div class=\"rowItem col-md-12 col-ms-12  btTextLeft inherit newModuleHeader\" style=\"background-color:rgb(101,44,144);\" data-width=\"12\"><div class=\"rowItemContent\" ><div class=\"bpgPhoto btDefaultHoverType moduleIcon\" ><div class = \"btImage\"><img src=\"\" alt=\"\" title=\"\"><\/div><\/div><div class=\"btText\" >\r\n\r\n<\/div><\/div><\/div><\/div><\/div><\/div><\/div><\/div><\/section><section id=\"bt_section69e603f408573\"  class=\"boldSection gutter \" ><div class=\"port\"><div class=\"boldCell\"><div class=\"boldCellInner\"><div class=\"boldRow \" ><div class=\"boldRowInner\"><div class=\"rowItem col-md-8 col-ms-12 btTextLeft inherit btDoublePadding customParagraph\"  data-width=\"8\"><div class=\"rowItemContent\" ><div class=\"btText\" >\r\n\r\n\r\n\r\n<\/div><div class=\"btClear btSeparator bottomSmallSpaced noBorder\" ><hr><\/div><div class=\"btClear btSeparator bottomSmallSpaced noBorder\" ><hr><\/div><\/div><\/div><div class=\"rowItem col-md-4 col-ms-12 btTextLeft\"  data-width=\"4\"><div class=\"rowItemContent\" ><\/div><\/div><\/div><\/div><\/div><\/div><\/div><\/section>","protected":false},"excerpt":{"rendered":"","protected":false},"author":1,"featured_media":0,"parent":0,"menu_order":0,"comment_status":"closed","ping_status":"closed","template":"","meta":{"footnotes":""},"_links":{"self":[{"href":"https:\/\/labi.lat\/pb\/wp-json\/wp\/v2\/pages\/3880"}],"collection":[{"href":"https:\/\/labi.lat\/pb\/wp-json\/wp\/v2\/pages"}],"about":[{"href":"https:\/\/labi.lat\/pb\/wp-json\/wp\/v2\/types\/page"}],"author":[{"embeddable":true,"href":"https:\/\/labi.lat\/pb\/wp-json\/wp\/v2\/users\/1"}],"replies":[{"embeddable":true,"href":"https:\/\/labi.lat\/pb\/wp-json\/wp\/v2\/comments?post=3880"}],"version-history":[{"count":166,"href":"https:\/\/labi.lat\/pb\/wp-json\/wp\/v2\/pages\/3880\/revisions"}],"predecessor-version":[{"id":5083,"href":"https:\/\/labi.lat\/pb\/wp-json\/wp\/v2\/pages\/3880\/revisions\/5083"}],"wp:attachment":[{"href":"https:\/\/labi.lat\/pb\/wp-json\/wp\/v2\/media?parent=3880"}],"curies":[{"name":"wp","href":"https:\/\/api.w.org\/{rel}","templated":true}]}}